{"id":3042,"date":"2023-04-27T09:17:45","date_gmt":"2023-04-27T09:17:45","guid":{"rendered":"https:\/\/palazzomalaspina.it\/?page_id=3042"},"modified":"2024-02-25T20:03:17","modified_gmt":"2024-02-25T20:03:17","slug":"privacy-policy","status":"publish","type":"page","link":"https:\/\/palazzomalaspina.it\/de\/privacy-policy\/","title":{"rendered":"Datenschutzerkl\u00e4rung"},"content":{"rendered":"\t\t<div data-elementor-type=\"wp-page\" data-elementor-id=\"3042\" class=\"elementor elementor-3042 elementor-1565\">\n\t\t\t\t\t\t\t<div data-dce-background-overlay-color=\"#000000\" data-dce-background-image-url=\"https:\/\/palazzomalaspina.it\/wp-content\/uploads\/2023\/03\/a-089_palazzomalaspina_2435.jpg\" class=\"elementor-element elementor-element-07bed4b e-con-full magic-button-disabled-no e-con\" data-id=\"07bed4b\" data-element_type=\"container\" data-settings=\"{&quot;jet_parallax_layout_list&quot;:[],&quot;content_width&quot;:&quot;full&quot;,&quot;background_background&quot;:&quot;classic&quot;}\">\n\t\t\t\t<\/div>\n\t\t<div class=\"elementor-element elementor-element-3e2d92c e-con-boxed magic-button-disabled-no e-con\" data-id=\"3e2d92c\" data-element_type=\"container\" data-settings=\"{&quot;jet_parallax_layout_list&quot;:[],&quot;content_width&quot;:&quot;boxed&quot;}\">\n\t\t\t\t\t<div class=\"e-con-inner\">\n\t\t\t\t<div class=\"elementor-element elementor-element-d1a577b elementor-widget elementor-widget-text-editor\" data-id=\"d1a577b\" data-element_type=\"widget\" data-widget_type=\"text-editor.default\">\n\t\t\t\t<div class=\"elementor-widget-container\">\n\t\t\t<style>\/*! elementor - v3.11.4 - 12-03-2023 *\/\n.elementor-widget-text-editor.elementor-drop-cap-view-stacked .elementor-drop-cap{background-color:#818a91;color:#fff}.elementor-widget-text-editor.elementor-drop-cap-view-framed .elementor-drop-cap{color:#818a91;border:3px solid;background-color:transparent}.elementor-widget-text-editor:not(.elementor-drop-cap-view-default) .elementor-drop-cap{margin-top:8px}.elementor-widget-text-editor:not(.elementor-drop-cap-view-default) .elementor-drop-cap-letter{width:1em;height:1em}.elementor-widget-text-editor .elementor-drop-cap{float:left;text-align:center;line-height:1;font-size:50px}.elementor-widget-text-editor .elementor-drop-cap-letter{display:inline-block}<\/style>\t\t\t\t<div class=\"\">\n<p>PALAZZO MALASPINA informiert, dass gem\u00e4\u00df den Artikeln 13 und 14 der Allgemeinen Datenschutzverordnung der Europ\u00e4ischen Union, Nr. 2016\/679 (&#8222;Verordnungen&#8220;), die vom KUNDEN bereitgestellten personenbezogenen Daten im Zusammenhang mit der erbrachten Dienstleistung in \u00dcbereinstimmung mit den Bestimmungen der Verordnungen sowie in \u00dcbereinstimmung mit geltenden Gesetzen und den Sicherheits- und Vertraulichkeitsverpflichtungen, die gesetzlich vorgeschrieben sind, verarbeitet werden.<\/p>\n<ol start=\"2\">\n<li>Datenverantwortlicher<\/li>\n<\/ol>\n<p>Der Verantwortliche f\u00fcr die Datenverarbeitung ist:<\/p>\n<p>PALAZZO MALASPINA<\/p>\n<p>c\/o Maria Pellizzari<\/p>\n<p>Via del Giglio 35, 50028 San Donato in Poggio Florenz<\/p>\n<p>Tel-055-8072946<\/p>\n<p><a target=\"_new\">info@palazzomalaspina.it<\/a><\/p>\n<ol start=\"3\">\n<li>Zwecke der Verarbeitung und Kategorien der verarbeiteten Daten<\/li>\n<\/ol>\n<p>Die Datenverarbeitung erfolgt zu folgenden Zwecken:<\/p>\n<p>a) Vertragliche Zwecke: Erf\u00fcllung des Vertrags; Erf\u00fcllung rechtlicher Verpflichtungen im Zusammenhang mit Gesch\u00e4ftsbeziehungen; Erf\u00fcllung von Steuer- oder Buchhaltungsverpflichtungen; Kundenverwaltung; Bereitstellung des Produktservices; Verarbeitung, Druck, Kuvertierung und Versand von Rechnungen; sowie spezifische Anfragen der betroffenen Person;<\/p>\n<p>b) Kommunikationszwecke: zum Versenden von Mitteilungen an die betroffene Person mittels traditioneller Kontaktmethoden und automatisierter Computersysteme, einschlie\u00dflich insbesondere E-Mails, SMS und anderer Messaging-Systeme;<\/p>\n<ol start=\"4\">\n<li>Methoden und Werkzeuge der Behandlung<\/li>\n<\/ol>\n<p>Die Datenverarbeitung der betroffenen Person erfolgt automatisiert durch IT- und Telematikwerkzeuge mit Organisationslogik und Datenverarbeitung, die sich auf die oben genannten Zwecke beziehen und jedoch darauf abzielen, die Sicherheit und Vertraulichkeit von Daten und Kommunikationen zu gew\u00e4hrleisten. Die Daten k\u00f6nnen auch mit Papierdokumenten verarbeitet werden.<\/p>\n<ol start=\"5\">\n<li>Obligatorischer oder freiwilliger Charakter der Datenbereitstellung<\/li>\n<\/ol>\n<p>In Bezug auf die in Buchstabe a) von Punkt 3) genannten Zwecke ist die Bereitstellung eine vertragliche Verpflichtung, die f\u00fcr den Abschluss des Vertrags erforderlich ist. Die betroffene Person hat das Recht, personenbezogene Daten nicht bereitzustellen. Bei Nichtmitteilung dieser Daten ist es jedoch nicht m\u00f6glich, einen Vertrag abzuschlie\u00dfen.<\/p>\n<p>In Bezug auf die Verarbeitung personenbezogener Daten gem\u00e4\u00df Buchstabe b) von Punkt 3) ist die Einwilligung der betroffenen Person optional. Bei fehlender Einwilligung ist es jedoch nicht m\u00f6glich, personalisierte Dienstleistungen bereitzustellen.<\/p>\n<ol start=\"6\">\n<li>Rechte der betroffenen Person<\/li>\n<\/ol>\n<p>Gem\u00e4\u00df Art. 7 der EU-Verordnung 2016\/679 hat die betroffene Person als Betroffene des Verfahrens das Recht, die Best\u00e4tigung dar\u00fcber zu erhalten, ob personenbezogene Daten, die sie betreffen, auch wenn sie noch nicht registriert sind, in verst\u00e4ndlicher Form vorliegen, sowie deren Kommunikation.<\/p>\n<p>Die betroffene Person hat das Recht, Informationen in Bezug auf zu erhalten:<\/p>\n<p>\u2022 Datenquelle;<\/p>\n<p>\u2022 Zweck der Verarbeitung;<\/p>\n<p>\u2022 Behandlungslogik;<\/p>\n<p>\u2022 Identifizierungsdetails des Eigent\u00fcmers und der Manager;<\/p>\n<p>\u2022 Die Personen, denen die Daten mitgeteilt werden k\u00f6nnen.<\/p>\n<p>Die betroffene Person hat auch das Recht, zu erhalten:<\/p>\n<p>\u2022 Aktualisierung, Berichtigung oder Erg\u00e4nzung der erhobenen Daten;<\/p>\n<p>\u2022 L\u00f6schung, Umwandlung in anonyme Form oder Sperrung von Daten, die rechtswidrig verarbeitet wurden, einschlie\u00dflich solcher, deren Aufbewahrung f\u00fcr die Zwecke, f\u00fcr die die Daten erhoben wurden oder anschlie\u00dfend verarbeitet wurden, nicht erforderlich ist;<\/p>\n<p>\u2022 Die Best\u00e4tigung, dass die in den vorherigen Punkten genannten Operationen denjenigen zur Kenntnis gebracht wurden, denen diese Daten mitgeteilt oder offengelegt wurden, es sei denn, dies erweist sich als unm\u00f6glich oder erfordert einen Einsatz von Mitteln, der in keinem Verh\u00e4ltnis zum gesch\u00fctzten Recht steht.<\/p>\n<p>Die betroffene Person hat auch das Recht, ganz oder teilweise Widerspruch einzulegen:<\/p>\n<p>\u2022 Aus legitimen Gr\u00fcnden gegen die Verarbeitung sie betreffender personenbezogener Daten, auch wenn diese f\u00fcr den Zweck der Erhebung relevant sind;<\/p>\n<p>\u2022 gegen die Verarbeitung sie betreffender personenbezogener Daten zum Zwecke des Versands von Werbematerialien.<\/p>\n<p>Die in Art. 7 der EU-Verordnung 2016\/679 genannten Antr\u00e4ge m\u00fcssen direkt an den Inhaber unter der E-Mail-Adresse: <a target=\"_new\">info@palazzomalaspina.it<\/a> gerichtet werden. Alternativ ist es m\u00f6glich, ihre Rechte auszu\u00fcben, indem Sie eine entsprechende Mitteilung per Einschreiben mit R\u00fcckschein an die auf den R\u00e4umlichkeiten angegebene Adresse senden.<\/p>\n<ol start=\"7\">\n<li>Kommunikation<\/li>\n<\/ol>\n<p>Die Daten k\u00f6nnen innerhalb der Europ\u00e4ischen Union \u00fcbermittelt werden.<\/p>\n<ol start=\"8\">\n<li>Kontakte<\/li>\n<\/ol>\n<p>Diese Informationen k\u00f6nnen im Laufe der Zeit ge\u00e4ndert werden. Die Daten werden so lange verarbeitet, wie dies zur Durchf\u00fchrung der bestehenden Gesch\u00e4ftsbeziehung und f\u00fcr die n\u00e4chsten zehn Jahre ab dem Datum der Erfassung derselben erforderlich ist. F\u00fcr weitere Informationen kontaktieren Sie bitte die folgende Adresse:\u00a0<a href=\"mailto:info@palazzomalaspina.it\" target=\"_blank\" rel=\"noopener\">info@palazzomalaspina.it<\/a>.<\/p>\n<\/div>\t\t\t\t\t\t<\/div>\n\t\t\t\t<\/div>\n\t\t\t\t\t<\/div>\n\t\t\t\t<\/div>\n\t\t\t\t\t\t\t<\/div>\n\t\t","protected":false},"excerpt":{"rendered":"<p>PALAZZO MALASPINA informiert, dass gem\u00e4\u00df den Artikeln 13 und 14 der Allgemeinen Datenschutzverordnung der Europ\u00e4ischen Union, Nr. 2016\/679 (&#8222;Verordnungen&#8220;), die vom KUNDEN bereitgestellten personenbezogenen Daten im Zusammenhang mit der erbrachten Dienstleistung in \u00dcbereinstimmung mit den Bestimmungen der Verordnungen sowie in \u00dcbereinstimmung mit geltenden Gesetzen und den Sicherheits- und Vertraulichkeitsverpflichtungen, die gesetzlich vorgeschrieben sind, verarbeitet werden&#8230;.<\/p>\n","protected":false},"author":1,"featured_media":1896,"parent":0,"menu_order":8,"comment_status":"closed","ping_status":"closed","template":"","meta":{"footnotes":""},"categories":[],"tags":[],"class_list":["post-3042","page","type-page","status-publish","has-post-thumbnail","hentry"],"acf":[],"yoast_head":"<!-- This site is optimized with the Yoast SEO Premium plugin v20.2.1 (Yoast SEO v20.2.1) - https:\/\/yoast.com\/wordpress\/plugins\/seo\/ -->\n<title>Datenschutzerkl\u00e4rung - Palazzo Malaspina<\/title>\n<meta name=\"robots\" content=\"index, follow, max-snippet:-1, max-image-preview:large, max-video-preview:-1\" \/>\n<link rel=\"canonical\" href=\"https:\/\/palazzomalaspina.it\/de\/privacy-policy\/\" \/>\n<meta property=\"og:locale\" content=\"de_DE\" \/>\n<meta property=\"og:type\" content=\"article\" \/>\n<meta property=\"og:title\" content=\"Datenschutzerkl\u00e4rung\" \/>\n<meta property=\"og:description\" content=\"PALAZZO MALASPINA informiert, dass gem\u00e4\u00df den Artikeln 13 und 14 der Allgemeinen Datenschutzverordnung der Europ\u00e4ischen Union, Nr. 2016\/679 (&#8222;Verordnungen&#8220;), die vom KUNDEN bereitgestellten personenbezogenen Daten im Zusammenhang mit der erbrachten Dienstleistung in \u00dcbereinstimmung mit den Bestimmungen der Verordnungen sowie in \u00dcbereinstimmung mit geltenden Gesetzen und den Sicherheits- und Vertraulichkeitsverpflichtungen, die gesetzlich vorgeschrieben sind, verarbeitet werden....\" \/>\n<meta property=\"og:url\" content=\"https:\/\/palazzomalaspina.it\/de\/privacy-policy\/\" \/>\n<meta property=\"og:site_name\" content=\"Palazzo Malaspina\" \/>\n<meta property=\"article:modified_time\" content=\"2024-02-25T20:03:17+00:00\" \/>\n<meta property=\"og:image\" content=\"https:\/\/palazzomalaspina.it\/wp-content\/uploads\/2023\/03\/a-089_palazzomalaspina_2435.jpg\" \/>\n\t<meta property=\"og:image:width\" content=\"2000\" \/>\n\t<meta property=\"og:image:height\" content=\"1334\" \/>\n\t<meta property=\"og:image:type\" content=\"image\/jpeg\" \/>\n<meta name=\"twitter:card\" content=\"summary_large_image\" \/>\n<meta name=\"twitter:label1\" content=\"Gesch\u00e4tzte Lesezeit\" \/>\n\t<meta name=\"twitter:data1\" content=\"4\u00a0Minuten\" \/>\n<script type=\"application\/ld+json\" class=\"yoast-schema-graph\">{\"@context\":\"https:\/\/schema.org\",\"@graph\":[{\"@type\":\"WebPage\",\"@id\":\"https:\/\/palazzomalaspina.it\/de\/privacy-policy\/\",\"url\":\"https:\/\/palazzomalaspina.it\/de\/privacy-policy\/\",\"name\":\"Datenschutzerkl\u00e4rung - Palazzo Malaspina\",\"isPartOf\":{\"@id\":\"https:\/\/palazzomalaspina.it\/de\/#website\"},\"datePublished\":\"2023-04-27T09:17:45+00:00\",\"dateModified\":\"2024-02-25T20:03:17+00:00\",\"breadcrumb\":{\"@id\":\"https:\/\/palazzomalaspina.it\/de\/privacy-policy\/#breadcrumb\"},\"inLanguage\":\"de\",\"potentialAction\":[{\"@type\":\"ReadAction\",\"target\":[\"https:\/\/palazzomalaspina.it\/de\/privacy-policy\/\"]}]},{\"@type\":\"BreadcrumbList\",\"@id\":\"https:\/\/palazzomalaspina.it\/de\/privacy-policy\/#breadcrumb\",\"itemListElement\":[{\"@type\":\"ListItem\",\"position\":1,\"name\":\"Home\",\"item\":\"https:\/\/palazzomalaspina.it\/de\/\"},{\"@type\":\"ListItem\",\"position\":2,\"name\":\"Datenschutzerkl\u00e4rung\"}]},{\"@type\":\"WebSite\",\"@id\":\"https:\/\/palazzomalaspina.it\/de\/#website\",\"url\":\"https:\/\/palazzomalaspina.it\/de\/\",\"name\":\"Palazzo Malaspina\",\"description\":\"\",\"publisher\":{\"@id\":\"https:\/\/palazzomalaspina.it\/de\/#organization\"},\"potentialAction\":[{\"@type\":\"SearchAction\",\"target\":{\"@type\":\"EntryPoint\",\"urlTemplate\":\"https:\/\/palazzomalaspina.it\/de\/?s={search_term_string}\"},\"query-input\":\"required name=search_term_string\"}],\"inLanguage\":\"de\"},{\"@type\":\"Organization\",\"@id\":\"https:\/\/palazzomalaspina.it\/de\/#organization\",\"name\":\"Palazzo Malaspina\",\"url\":\"https:\/\/palazzomalaspina.it\/de\/\",\"logo\":{\"@type\":\"ImageObject\",\"inLanguage\":\"de\",\"@id\":\"https:\/\/palazzomalaspina.it\/de\/#\/schema\/logo\/image\/\",\"url\":\"https:\/\/palazzomalaspina.it\/wp-content\/uploads\/2023\/03\/logo-min.svg\",\"contentUrl\":\"https:\/\/palazzomalaspina.it\/wp-content\/uploads\/2023\/03\/logo-min.svg\",\"width\":385.91,\"height\":593.83,\"caption\":\"Palazzo Malaspina\"},\"image\":{\"@id\":\"https:\/\/palazzomalaspina.it\/de\/#\/schema\/logo\/image\/\"}}]}<\/script>\n<!-- \/ Yoast SEO Premium plugin. -->","yoast_head_json":{"title":"Datenschutzerkl\u00e4rung - Palazzo Malaspina","robots":{"index":"index","follow":"follow","max-snippet":"max-snippet:-1","max-image-preview":"max-image-preview:large","max-video-preview":"max-video-preview:-1"},"canonical":"https:\/\/palazzomalaspina.it\/de\/privacy-policy\/","og_locale":"de_DE","og_type":"article","og_title":"Datenschutzerkl\u00e4rung","og_description":"PALAZZO MALASPINA informiert, dass gem\u00e4\u00df den Artikeln 13 und 14 der Allgemeinen Datenschutzverordnung der Europ\u00e4ischen Union, Nr. 2016\/679 (&#8222;Verordnungen&#8220;), die vom KUNDEN bereitgestellten personenbezogenen Daten im Zusammenhang mit der erbrachten Dienstleistung in \u00dcbereinstimmung mit den Bestimmungen der Verordnungen sowie in \u00dcbereinstimmung mit geltenden Gesetzen und den Sicherheits- und Vertraulichkeitsverpflichtungen, die gesetzlich vorgeschrieben sind, verarbeitet werden....","og_url":"https:\/\/palazzomalaspina.it\/de\/privacy-policy\/","og_site_name":"Palazzo Malaspina","article_modified_time":"2024-02-25T20:03:17+00:00","og_image":[{"width":2000,"height":1334,"url":"https:\/\/palazzomalaspina.it\/wp-content\/uploads\/2023\/03\/a-089_palazzomalaspina_2435.jpg","type":"image\/jpeg"}],"twitter_card":"summary_large_image","twitter_misc":{"Gesch\u00e4tzte Lesezeit":"4\u00a0Minuten"},"schema":{"@context":"https:\/\/schema.org","@graph":[{"@type":"WebPage","@id":"https:\/\/palazzomalaspina.it\/de\/privacy-policy\/","url":"https:\/\/palazzomalaspina.it\/de\/privacy-policy\/","name":"Datenschutzerkl\u00e4rung - Palazzo Malaspina","isPartOf":{"@id":"https:\/\/palazzomalaspina.it\/de\/#website"},"datePublished":"2023-04-27T09:17:45+00:00","dateModified":"2024-02-25T20:03:17+00:00","breadcrumb":{"@id":"https:\/\/palazzomalaspina.it\/de\/privacy-policy\/#breadcrumb"},"inLanguage":"de","potentialAction":[{"@type":"ReadAction","target":["https:\/\/palazzomalaspina.it\/de\/privacy-policy\/"]}]},{"@type":"BreadcrumbList","@id":"https:\/\/palazzomalaspina.it\/de\/privacy-policy\/#breadcrumb","itemListElement":[{"@type":"ListItem","position":1,"name":"Home","item":"https:\/\/palazzomalaspina.it\/de\/"},{"@type":"ListItem","position":2,"name":"Datenschutzerkl\u00e4rung"}]},{"@type":"WebSite","@id":"https:\/\/palazzomalaspina.it\/de\/#website","url":"https:\/\/palazzomalaspina.it\/de\/","name":"Palazzo Malaspina","description":"","publisher":{"@id":"https:\/\/palazzomalaspina.it\/de\/#organization"},"potentialAction":[{"@type":"SearchAction","target":{"@type":"EntryPoint","urlTemplate":"https:\/\/palazzomalaspina.it\/de\/?s={search_term_string}"},"query-input":"required name=search_term_string"}],"inLanguage":"de"},{"@type":"Organization","@id":"https:\/\/palazzomalaspina.it\/de\/#organization","name":"Palazzo Malaspina","url":"https:\/\/palazzomalaspina.it\/de\/","logo":{"@type":"ImageObject","inLanguage":"de","@id":"https:\/\/palazzomalaspina.it\/de\/#\/schema\/logo\/image\/","url":"https:\/\/palazzomalaspina.it\/wp-content\/uploads\/2023\/03\/logo-min.svg","contentUrl":"https:\/\/palazzomalaspina.it\/wp-content\/uploads\/2023\/03\/logo-min.svg","width":385.91,"height":593.83,"caption":"Palazzo Malaspina"},"image":{"@id":"https:\/\/palazzomalaspina.it\/de\/#\/schema\/logo\/image\/"}}]}},"_links":{"self":[{"href":"https:\/\/palazzomalaspina.it\/de\/wp-json\/wp\/v2\/pages\/3042","targetHints":{"allow":["GET"]}}],"collection":[{"href":"https:\/\/palazzomalaspina.it\/de\/wp-json\/wp\/v2\/pages"}],"about":[{"href":"https:\/\/palazzomalaspina.it\/de\/wp-json\/wp\/v2\/types\/page"}],"author":[{"embeddable":true,"href":"https:\/\/palazzomalaspina.it\/de\/wp-json\/wp\/v2\/users\/1"}],"replies":[{"embeddable":true,"href":"https:\/\/palazzomalaspina.it\/de\/wp-json\/wp\/v2\/comments?post=3042"}],"version-history":[{"count":0,"href":"https:\/\/palazzomalaspina.it\/de\/wp-json\/wp\/v2\/pages\/3042\/revisions"}],"wp:featuredmedia":[{"embeddable":true,"href":"https:\/\/palazzomalaspina.it\/de\/wp-json\/wp\/v2\/media\/1896"}],"wp:attachment":[{"href":"https:\/\/palazzomalaspina.it\/de\/wp-json\/wp\/v2\/media?parent=3042"}],"wp:term":[{"taxonomy":"category","embeddable":true,"href":"https:\/\/palazzomalaspina.it\/de\/wp-json\/wp\/v2\/categories?post=3042"},{"taxonomy":"post_tag","embeddable":true,"href":"https:\/\/palazzomalaspina.it\/de\/wp-json\/wp\/v2\/tags?post=3042"}],"curies":[{"name":"wp","href":"https:\/\/api.w.org\/{rel}","templated":true}]}}