{"id":2719,"date":"2023-06-05T12:07:31","date_gmt":"2023-06-05T12:07:31","guid":{"rendered":"https:\/\/palazzomalaspina.it\/?page_id=2719"},"modified":"2023-06-05T12:14:06","modified_gmt":"2023-06-05T12:14:06","slug":"besondere-angebote","status":"publish","type":"page","link":"https:\/\/palazzomalaspina.it\/de\/besondere-angebote\/","title":{"rendered":"Besondere Angebote"},"content":{"rendered":"\t\t<div data-elementor-type=\"wp-page\" data-elementor-id=\"2719\" class=\"elementor elementor-2719 elementor-2717\">\n\t\t\t\t\t\t\t<div data-dce-background-image-url=\"https:\/\/palazzomalaspina.it\/wp-content\/uploads\/2023\/03\/a-043_palazzomalaspina_2287.jpg\" class=\"elementor-element elementor-element-f4a6670 e-con-full magic-button-disabled-no e-con\" data-id=\"f4a6670\" data-element_type=\"container\" data-settings=\"{&quot;jet_parallax_layout_list&quot;:[],&quot;content_width&quot;:&quot;full&quot;,&quot;background_background&quot;:&quot;classic&quot;}\">\n\t\t\t\t<\/div>\n\t\t<div class=\"elementor-element elementor-element-65ccf39 e-con-boxed magic-button-disabled-no e-con\" data-id=\"65ccf39\" data-element_type=\"container\" data-settings=\"{&quot;jet_parallax_layout_list&quot;:[],&quot;content_width&quot;:&quot;boxed&quot;}\">\n\t\t\t\t\t<div class=\"e-con-inner\">\n\t\t\t\t<div class=\"elementor-element elementor-element-ac5facd elementor-widget elementor-widget-html\" data-id=\"ac5facd\" data-element_type=\"widget\" data-widget_type=\"html.default\">\n\t\t\t\t<div class=\"elementor-widget-container\">\n\t\t\t<script defer src=\"https:\/\/cdn.beddy.io\/bol\/prod\/beddybar.js?release13052020_v0\"><\/script>\n<beddy-bar lang=\"de\" widgetcode=\"5d52e6c5585f8\" charset=\"UTF-8\"><\/beddy-bar>\t\t<\/div>\n\t\t\t\t<\/div>\n\t\t\t\t\t<\/div>\n\t\t\t\t<\/div>\n\t\t<div class=\"elementor-element elementor-element-9508547 e-con-boxed magic-button-disabled-no e-con\" data-id=\"9508547\" data-element_type=\"container\" data-settings=\"{&quot;jet_parallax_layout_list&quot;:[],&quot;content_width&quot;:&quot;boxed&quot;}\">\n\t\t\t\t\t<div class=\"e-con-inner\">\n\t\t\t\t<div class=\"elementor-element elementor-element-9fd6b2a elementor-grid-3 elementor-grid-tablet-2 elementor-grid-mobile-1 elementor-posts--thumbnail-top elementor-card-shadow-yes elementor-posts__hover-gradient elementor-widget elementor-widget-posts\" data-id=\"9fd6b2a\" data-element_type=\"widget\" data-settings=\"{&quot;cards_columns&quot;:&quot;3&quot;,&quot;cards_columns_tablet&quot;:&quot;2&quot;,&quot;cards_columns_mobile&quot;:&quot;1&quot;,&quot;cards_row_gap&quot;:{&quot;unit&quot;:&quot;px&quot;,&quot;size&quot;:35,&quot;sizes&quot;:[]},&quot;cards_row_gap_tablet&quot;:{&quot;unit&quot;:&quot;px&quot;,&quot;size&quot;:&quot;&quot;,&quot;sizes&quot;:[]},&quot;cards_row_gap_mobile&quot;:{&quot;unit&quot;:&quot;px&quot;,&quot;size&quot;:&quot;&quot;,&quot;sizes&quot;:[]}}\" data-widget_type=\"posts.cards\">\n\t\t\t\t<div class=\"elementor-widget-container\">\n\t\t\t<link rel=\"stylesheet\" href=\"https:\/\/palazzomalaspina.it\/wp-content\/plugins\/elementor-pro\/assets\/css\/widget-posts.min.css\">\t\t<div class=\"elementor-posts-container elementor-posts elementor-posts--skin-cards elementor-grid\">\n\t\t\t\t<article class=\"elementor-post elementor-grid-item post-2825 offer type-offer status-publish has-post-thumbnail hentry offer_tag-home\">\n\t\t\t<div class=\"elementor-post__card\">\n\t\t\t\t<a class=\"elementor-post__thumbnail__link\" href=\"https:\/\/palazzomalaspina.it\/de\/offer\/nicht-stornierbarer-tarif\/\" ><div class=\"elementor-post__thumbnail\"><img decoding=\"async\" width=\"768\" height=\"512\" src=\"https:\/\/palazzomalaspina.it\/wp-content\/uploads\/2023\/07\/050_PalazzoMalaspina_2241-768x512.jpg\" class=\"attachment-medium_large size-medium_large wp-image-2813\" alt=\"\" srcset=\"https:\/\/palazzomalaspina.it\/wp-content\/uploads\/2023\/07\/050_PalazzoMalaspina_2241-768x512.jpg 768w, https:\/\/palazzomalaspina.it\/wp-content\/uploads\/2023\/07\/050_PalazzoMalaspina_2241-300x200.jpg 300w, https:\/\/palazzomalaspina.it\/wp-content\/uploads\/2023\/07\/050_PalazzoMalaspina_2241-1024x683.jpg 1024w, https:\/\/palazzomalaspina.it\/wp-content\/uploads\/2023\/07\/050_PalazzoMalaspina_2241-1536x1025.jpg 1536w, https:\/\/palazzomalaspina.it\/wp-content\/uploads\/2023\/07\/050_PalazzoMalaspina_2241.jpg 1920w\" sizes=\"(max-width: 768px) 100vw, 768px\" \/><\/div><\/a>\n\t\t\t\t<div class=\"elementor-post__text\">\n\t\t\t\t<h3 class=\"elementor-post__title\">\n\t\t\t<a href=\"https:\/\/palazzomalaspina.it\/de\/offer\/nicht-stornierbarer-tarif\/\" >\n\t\t\t\tNicht stornierbarer Tarif gebucht -8%.\t\t\t<\/a>\n\t\t<\/h3>\n\t\t\t\t<div class=\"elementor-post__excerpt\">\n\t\t\t<p>Buchen Sie jetzt und profitieren Sie von unseren nicht erstattungsf\u00e4higen Preisen und sparen Sie 8 % bei Ihrem Aufenthalt. Bei der Buchung ist der volle Betrag im Voraus zu entrichten. <\/p>\n\t\t<\/div>\n\t\t\n\t\t<a class=\"elementor-post__read-more\" href=\"https:\/\/palazzomalaspina.it\/de\/offer\/nicht-stornierbarer-tarif\/\" aria-label=\"Read more about Nicht stornierbarer Tarif gebucht -8%.\" >\n\t\t\tRead More \u00bb\t\t<\/a>\n\n\t\t\t\t<\/div>\n\t\t\t\t\t<\/div>\n\t\t<\/article>\n\t\t\t\t<article class=\"elementor-post elementor-grid-item post-2493 offer type-offer status-publish has-post-thumbnail hentry\">\n\t\t\t<div class=\"elementor-post__card\">\n\t\t\t\t<a class=\"elementor-post__thumbnail__link\" href=\"https:\/\/palazzomalaspina.it\/de\/offer\/the-flavours-of-tuscany\/\" ><div class=\"elementor-post__thumbnail\"><img decoding=\"async\" width=\"640\" height=\"480\" src=\"https:\/\/palazzomalaspina.it\/wp-content\/uploads\/2023\/03\/box2.jpg\" class=\"attachment-medium_large size-medium_large wp-image-1838\" alt=\"\" srcset=\"https:\/\/palazzomalaspina.it\/wp-content\/uploads\/2023\/03\/box2.jpg 640w, https:\/\/palazzomalaspina.it\/wp-content\/uploads\/2023\/03\/box2-300x225.jpg 300w\" sizes=\"(max-width: 640px) 100vw, 640px\" \/><\/div><\/a>\n\t\t\t\t<div class=\"elementor-post__text\">\n\t\t\t\t<h3 class=\"elementor-post__title\">\n\t\t\t<a href=\"https:\/\/palazzomalaspina.it\/de\/offer\/the-flavours-of-tuscany\/\" >\n\t\t\t\tDie Aromen des Chianti\t\t\t<\/a>\n\t\t<\/h3>\n\t\t\t\t<div class=\"elementor-post__excerpt\">\n\t\t\t<p>4 volle Tage Kunst und Kochen im Chianti!<br \/>\nHier ist eine typische 4 Tage im Palazzo Malaspina.<\/p>\n\t\t<\/div>\n\t\t\n\t\t<a class=\"elementor-post__read-more\" href=\"https:\/\/palazzomalaspina.it\/de\/offer\/the-flavours-of-tuscany\/\" aria-label=\"Read more about Die Aromen des Chianti\" >\n\t\t\tRead More \u00bb\t\t<\/a>\n\n\t\t\t\t<\/div>\n\t\t\t\t\t<\/div>\n\t\t<\/article>\n\t\t\t\t<article class=\"elementor-post elementor-grid-item post-2490 offer type-offer status-publish has-post-thumbnail hentry\">\n\t\t\t<div class=\"elementor-post__card\">\n\t\t\t\t<a class=\"elementor-post__thumbnail__link\" href=\"https:\/\/palazzomalaspina.it\/de\/offer\/romantic-escape-in-chianti\/\" ><div class=\"elementor-post__thumbnail\"><img decoding=\"async\" width=\"768\" height=\"269\" src=\"https:\/\/palazzomalaspina.it\/wp-content\/uploads\/2023\/04\/dintorni_passignano-768x269.jpeg\" class=\"attachment-medium_large size-medium_large wp-image-1984\" alt=\"\" srcset=\"https:\/\/palazzomalaspina.it\/wp-content\/uploads\/2023\/04\/dintorni_passignano-768x269.jpeg 768w, https:\/\/palazzomalaspina.it\/wp-content\/uploads\/2023\/04\/dintorni_passignano-300x105.jpeg 300w, https:\/\/palazzomalaspina.it\/wp-content\/uploads\/2023\/04\/dintorni_passignano-1024x358.jpeg 1024w, https:\/\/palazzomalaspina.it\/wp-content\/uploads\/2023\/04\/dintorni_passignano-1536x538.jpeg 1536w, https:\/\/palazzomalaspina.it\/wp-content\/uploads\/2023\/04\/dintorni_passignano.jpeg 2000w\" sizes=\"(max-width: 768px) 100vw, 768px\" \/><\/div><\/a>\n\t\t\t\t<div class=\"elementor-post__text\">\n\t\t\t\t<h3 class=\"elementor-post__title\">\n\t\t\t<a href=\"https:\/\/palazzomalaspina.it\/de\/offer\/romantic-escape-in-chianti\/\" >\n\t\t\t\tRomantische flucht ins Chianti\t\t\t<\/a>\n\t\t<\/h3>\n\t\t\t\t<div class=\"elementor-post__excerpt\">\n\t\t\t<p>You will spend two unforgettable days and nights in a splendid Renaissance Palace, located in the center of the medieval village of San Donato in Poggio in the heart of Chianti.<\/p>\n\t\t<\/div>\n\t\t\n\t\t<a class=\"elementor-post__read-more\" href=\"https:\/\/palazzomalaspina.it\/de\/offer\/romantic-escape-in-chianti\/\" aria-label=\"Read more about Romantische flucht ins Chianti\" >\n\t\t\tRead More \u00bb\t\t<\/a>\n\n\t\t\t\t<\/div>\n\t\t\t\t\t<\/div>\n\t\t<\/article>\n\t\t\t\t<article class=\"elementor-post elementor-grid-item post-2487 offer type-offer status-publish has-post-thumbnail hentry\">\n\t\t\t<div class=\"elementor-post__card\">\n\t\t\t\t<a class=\"elementor-post__thumbnail__link\" href=\"https:\/\/palazzomalaspina.it\/de\/offer\/prenotazione-diretta-cancellazione-gratuita\/\" ><div class=\"elementor-post__thumbnail\"><img decoding=\"async\" width=\"768\" height=\"512\" src=\"https:\/\/palazzomalaspina.it\/wp-content\/uploads\/2023\/03\/a-087_palazzomalaspina_2425-1-768x512.jpg\" class=\"attachment-medium_large size-medium_large wp-image-1894\" alt=\"\" srcset=\"https:\/\/palazzomalaspina.it\/wp-content\/uploads\/2023\/03\/a-087_palazzomalaspina_2425-1-768x512.jpg 768w, https:\/\/palazzomalaspina.it\/wp-content\/uploads\/2023\/03\/a-087_palazzomalaspina_2425-1-300x200.jpg 300w, https:\/\/palazzomalaspina.it\/wp-content\/uploads\/2023\/03\/a-087_palazzomalaspina_2425-1-1024x683.jpg 1024w, https:\/\/palazzomalaspina.it\/wp-content\/uploads\/2023\/03\/a-087_palazzomalaspina_2425-1-1536x1025.jpg 1536w, https:\/\/palazzomalaspina.it\/wp-content\/uploads\/2023\/03\/a-087_palazzomalaspina_2425-1.jpg 2000w\" sizes=\"(max-width: 768px) 100vw, 768px\" \/><\/div><\/a>\n\t\t\t\t<div class=\"elementor-post__text\">\n\t\t\t\t<h3 class=\"elementor-post__title\">\n\t\t\t<a href=\"https:\/\/palazzomalaspina.it\/de\/offer\/prenotazione-diretta-cancellazione-gratuita\/\" >\n\t\t\t\tDirektbuchungen mit Gratis Stornierung bis 7 Tage vor der Ankunft\t\t\t<\/a>\n\t\t<\/h3>\n\t\t\t\t<div class=\"elementor-post__excerpt\">\n\t\t\t<p>Buchen Sie direkt \u00fcber unsere Website, um bis zu 7 Tage vor Ihrem Check-in f\u00fcr alle reservierten Aufenthalte in unserem B&#038;B in Chianti eine straffreie Stornierung zu erhalten<\/p>\n\t\t<\/div>\n\t\t\n\t\t<a class=\"elementor-post__read-more\" href=\"https:\/\/palazzomalaspina.it\/de\/offer\/prenotazione-diretta-cancellazione-gratuita\/\" aria-label=\"Read more about Direktbuchungen mit Gratis Stornierung bis 7 Tage vor der Ankunft\" >\n\t\t\tRead More \u00bb\t\t<\/a>\n\n\t\t\t\t<\/div>\n\t\t\t\t\t<\/div>\n\t\t<\/article>\n\t\t\t\t<article class=\"elementor-post elementor-grid-item post-3134 offer type-offer status-publish has-post-thumbnail hentry\">\n\t\t\t<div class=\"elementor-post__card\">\n\t\t\t\t<a class=\"elementor-post__thumbnail__link\" href=\"https:\/\/palazzomalaspina.it\/de\/offer\/het-is-oogsttijd\/\" ><div class=\"elementor-post__thumbnail\"><img decoding=\"async\" width=\"768\" height=\"511\" src=\"https:\/\/palazzomalaspina.it\/wp-content\/uploads\/2023\/04\/sandonato-40-768x511.jpg\" class=\"attachment-medium_large size-medium_large wp-image-2080\" alt=\"\" srcset=\"https:\/\/palazzomalaspina.it\/wp-content\/uploads\/2023\/04\/sandonato-40-768x511.jpg 768w, https:\/\/palazzomalaspina.it\/wp-content\/uploads\/2023\/04\/sandonato-40-300x200.jpg 300w, https:\/\/palazzomalaspina.it\/wp-content\/uploads\/2023\/04\/sandonato-40-1024x681.jpg 1024w, https:\/\/palazzomalaspina.it\/wp-content\/uploads\/2023\/04\/sandonato-40-1536x1022.jpg 1536w, https:\/\/palazzomalaspina.it\/wp-content\/uploads\/2023\/04\/sandonato-40.jpg 1920w\" sizes=\"(max-width: 768px) 100vw, 768px\" \/><\/div><\/a>\n\t\t\t\t<div class=\"elementor-post__text\">\n\t\t\t\t<h3 class=\"elementor-post__title\">\n\t\t\t<a href=\"https:\/\/palazzomalaspina.it\/de\/offer\/het-is-oogsttijd\/\" >\n\t\t\t\thet is oogsttijd\t\t\t<\/a>\n\t\t<\/h3>\n\t\t\t\t<div class=\"elementor-post__excerpt\">\n\t\t\t<p>Kom en breng een vakantie door tijdens de meest magische periode van de Chianti, wanneer de kunst van het wijn maken begint. Je kunt je<\/p>\n\t\t<\/div>\n\t\t\n\t\t<a class=\"elementor-post__read-more\" href=\"https:\/\/palazzomalaspina.it\/de\/offer\/het-is-oogsttijd\/\" aria-label=\"Read more about het is oogsttijd\" >\n\t\t\tRead More \u00bb\t\t<\/a>\n\n\t\t\t\t<\/div>\n\t\t\t\t\t<\/div>\n\t\t<\/article>\n\t\t\t\t<\/div>\n\t\t\n\t\t\t\t<\/div>\n\t\t\t\t<\/div>\n\t\t\t\t\t<\/div>\n\t\t\t\t<\/div>\n\t\t\t\t\t\t\t<\/div>\n\t\t","protected":false},"excerpt":{"rendered":"","protected":false},"author":1,"featured_media":1700,"parent":0,"menu_order":24,"comment_status":"closed","ping_status":"closed","template":"","meta":{"footnotes":""},"categories":[],"tags":[],"class_list":["post-2719","page","type-page","status-publish","has-post-thumbnail","hentry"],"acf":[],"yoast_head":"<!-- This site is optimized with the Yoast SEO Premium plugin v20.2.1 (Yoast SEO v20.2.1) - https:\/\/yoast.com\/wordpress\/plugins\/seo\/ -->\n<title>Besondere Angebote - Palazzo Malaspina B&amp;B im Chianti, Toskana<\/title>\n<meta name=\"description\" content=\"Das historische Haus B&amp;B liegt im Zentrum von San Donato in Poggio, einem kleinen toskanischen Dorf, und verf\u00fcgt \u00fcber f\u00fcnf Doppelzimmer, von denen einige einen Blick auf die toskanischen H\u00fcgel bieten.\" \/>\n<meta name=\"robots\" content=\"index, follow, max-snippet:-1, max-image-preview:large, max-video-preview:-1\" \/>\n<link rel=\"canonical\" href=\"https:\/\/palazzomalaspina.it\/de\/besondere-angebote\/\" \/>\n<meta property=\"og:locale\" content=\"de_DE\" \/>\n<meta property=\"og:type\" content=\"article\" \/>\n<meta property=\"og:title\" content=\"Besondere Angebote\" \/>\n<meta property=\"og:description\" content=\"Das historische Haus B&amp;B liegt im Zentrum von San Donato in Poggio, einem kleinen toskanischen Dorf, und verf\u00fcgt \u00fcber f\u00fcnf Doppelzimmer, von denen einige einen Blick auf die toskanischen H\u00fcgel bieten.\" \/>\n<meta property=\"og:url\" content=\"https:\/\/palazzomalaspina.it\/de\/besondere-angebote\/\" \/>\n<meta property=\"og:site_name\" content=\"Palazzo Malaspina\" \/>\n<meta property=\"article:modified_time\" content=\"2023-06-05T12:14:06+00:00\" \/>\n<meta property=\"og:image\" content=\"https:\/\/palazzomalaspina.it\/wp-content\/uploads\/2023\/03\/a-043_palazzomalaspina_2287.jpg\" \/>\n\t<meta property=\"og:image:width\" content=\"2000\" \/>\n\t<meta property=\"og:image:height\" content=\"1334\" \/>\n\t<meta property=\"og:image:type\" content=\"image\/jpeg\" \/>\n<meta name=\"twitter:card\" content=\"summary_large_image\" \/>\n<meta name=\"twitter:label1\" content=\"Gesch\u00e4tzte Lesezeit\" \/>\n\t<meta name=\"twitter:data1\" content=\"2\u00a0Minuten\" \/>\n<script type=\"application\/ld+json\" class=\"yoast-schema-graph\">{\"@context\":\"https:\/\/schema.org\",\"@graph\":[{\"@type\":\"WebPage\",\"@id\":\"https:\/\/palazzomalaspina.it\/de\/besondere-angebote\/\",\"url\":\"https:\/\/palazzomalaspina.it\/de\/besondere-angebote\/\",\"name\":\"Besondere Angebote - Palazzo Malaspina B&B im Chianti, Toskana\",\"isPartOf\":{\"@id\":\"https:\/\/palazzomalaspina.it\/de\/#website\"},\"datePublished\":\"2023-06-05T12:07:31+00:00\",\"dateModified\":\"2023-06-05T12:14:06+00:00\",\"description\":\"Das historische Haus B&B liegt im Zentrum von San Donato in Poggio, einem kleinen toskanischen Dorf, und verf\u00fcgt \u00fcber f\u00fcnf Doppelzimmer, von denen einige einen Blick auf die toskanischen H\u00fcgel bieten.\",\"breadcrumb\":{\"@id\":\"https:\/\/palazzomalaspina.it\/de\/besondere-angebote\/#breadcrumb\"},\"inLanguage\":\"de\",\"potentialAction\":[{\"@type\":\"ReadAction\",\"target\":[\"https:\/\/palazzomalaspina.it\/de\/besondere-angebote\/\"]}]},{\"@type\":\"BreadcrumbList\",\"@id\":\"https:\/\/palazzomalaspina.it\/de\/besondere-angebote\/#breadcrumb\",\"itemListElement\":[{\"@type\":\"ListItem\",\"position\":1,\"name\":\"Home\",\"item\":\"https:\/\/palazzomalaspina.it\/de\/\"},{\"@type\":\"ListItem\",\"position\":2,\"name\":\"Besondere Angebote\"}]},{\"@type\":\"WebSite\",\"@id\":\"https:\/\/palazzomalaspina.it\/de\/#website\",\"url\":\"https:\/\/palazzomalaspina.it\/de\/\",\"name\":\"Palazzo Malaspina\",\"description\":\"\",\"publisher\":{\"@id\":\"https:\/\/palazzomalaspina.it\/de\/#organization\"},\"potentialAction\":[{\"@type\":\"SearchAction\",\"target\":{\"@type\":\"EntryPoint\",\"urlTemplate\":\"https:\/\/palazzomalaspina.it\/de\/?s={search_term_string}\"},\"query-input\":\"required name=search_term_string\"}],\"inLanguage\":\"de\"},{\"@type\":\"Organization\",\"@id\":\"https:\/\/palazzomalaspina.it\/de\/#organization\",\"name\":\"Palazzo Malaspina\",\"url\":\"https:\/\/palazzomalaspina.it\/de\/\",\"logo\":{\"@type\":\"ImageObject\",\"inLanguage\":\"de\",\"@id\":\"https:\/\/palazzomalaspina.it\/de\/#\/schema\/logo\/image\/\",\"url\":\"https:\/\/palazzomalaspina.it\/wp-content\/uploads\/2023\/03\/logo-min.svg\",\"contentUrl\":\"https:\/\/palazzomalaspina.it\/wp-content\/uploads\/2023\/03\/logo-min.svg\",\"width\":385.91,\"height\":593.83,\"caption\":\"Palazzo Malaspina\"},\"image\":{\"@id\":\"https:\/\/palazzomalaspina.it\/de\/#\/schema\/logo\/image\/\"}}]}<\/script>\n<!-- \/ Yoast SEO Premium plugin. -->","yoast_head_json":{"title":"Besondere Angebote - Palazzo Malaspina B&B im Chianti, Toskana","description":"Das historische Haus B&B liegt im Zentrum von San Donato in Poggio, einem kleinen toskanischen Dorf, und verf\u00fcgt \u00fcber f\u00fcnf Doppelzimmer, von denen einige einen Blick auf die toskanischen H\u00fcgel bieten.","robots":{"index":"index","follow":"follow","max-snippet":"max-snippet:-1","max-image-preview":"max-image-preview:large","max-video-preview":"max-video-preview:-1"},"canonical":"https:\/\/palazzomalaspina.it\/de\/besondere-angebote\/","og_locale":"de_DE","og_type":"article","og_title":"Besondere Angebote","og_description":"Das historische Haus B&B liegt im Zentrum von San Donato in Poggio, einem kleinen toskanischen Dorf, und verf\u00fcgt \u00fcber f\u00fcnf Doppelzimmer, von denen einige einen Blick auf die toskanischen H\u00fcgel bieten.","og_url":"https:\/\/palazzomalaspina.it\/de\/besondere-angebote\/","og_site_name":"Palazzo Malaspina","article_modified_time":"2023-06-05T12:14:06+00:00","og_image":[{"width":2000,"height":1334,"url":"https:\/\/palazzomalaspina.it\/wp-content\/uploads\/2023\/03\/a-043_palazzomalaspina_2287.jpg","type":"image\/jpeg"}],"twitter_card":"summary_large_image","twitter_misc":{"Gesch\u00e4tzte Lesezeit":"2\u00a0Minuten"},"schema":{"@context":"https:\/\/schema.org","@graph":[{"@type":"WebPage","@id":"https:\/\/palazzomalaspina.it\/de\/besondere-angebote\/","url":"https:\/\/palazzomalaspina.it\/de\/besondere-angebote\/","name":"Besondere Angebote - Palazzo Malaspina B&B im Chianti, Toskana","isPartOf":{"@id":"https:\/\/palazzomalaspina.it\/de\/#website"},"datePublished":"2023-06-05T12:07:31+00:00","dateModified":"2023-06-05T12:14:06+00:00","description":"Das historische Haus B&B liegt im Zentrum von San Donato in Poggio, einem kleinen toskanischen Dorf, und verf\u00fcgt \u00fcber f\u00fcnf Doppelzimmer, von denen einige einen Blick auf die toskanischen H\u00fcgel bieten.","breadcrumb":{"@id":"https:\/\/palazzomalaspina.it\/de\/besondere-angebote\/#breadcrumb"},"inLanguage":"de","potentialAction":[{"@type":"ReadAction","target":["https:\/\/palazzomalaspina.it\/de\/besondere-angebote\/"]}]},{"@type":"BreadcrumbList","@id":"https:\/\/palazzomalaspina.it\/de\/besondere-angebote\/#breadcrumb","itemListElement":[{"@type":"ListItem","position":1,"name":"Home","item":"https:\/\/palazzomalaspina.it\/de\/"},{"@type":"ListItem","position":2,"name":"Besondere Angebote"}]},{"@type":"WebSite","@id":"https:\/\/palazzomalaspina.it\/de\/#website","url":"https:\/\/palazzomalaspina.it\/de\/","name":"Palazzo Malaspina","description":"","publisher":{"@id":"https:\/\/palazzomalaspina.it\/de\/#organization"},"potentialAction":[{"@type":"SearchAction","target":{"@type":"EntryPoint","urlTemplate":"https:\/\/palazzomalaspina.it\/de\/?s={search_term_string}"},"query-input":"required name=search_term_string"}],"inLanguage":"de"},{"@type":"Organization","@id":"https:\/\/palazzomalaspina.it\/de\/#organization","name":"Palazzo Malaspina","url":"https:\/\/palazzomalaspina.it\/de\/","logo":{"@type":"ImageObject","inLanguage":"de","@id":"https:\/\/palazzomalaspina.it\/de\/#\/schema\/logo\/image\/","url":"https:\/\/palazzomalaspina.it\/wp-content\/uploads\/2023\/03\/logo-min.svg","contentUrl":"https:\/\/palazzomalaspina.it\/wp-content\/uploads\/2023\/03\/logo-min.svg","width":385.91,"height":593.83,"caption":"Palazzo Malaspina"},"image":{"@id":"https:\/\/palazzomalaspina.it\/de\/#\/schema\/logo\/image\/"}}]}},"_links":{"self":[{"href":"https:\/\/palazzomalaspina.it\/de\/wp-json\/wp\/v2\/pages\/2719","targetHints":{"allow":["GET"]}}],"collection":[{"href":"https:\/\/palazzomalaspina.it\/de\/wp-json\/wp\/v2\/pages"}],"about":[{"href":"https:\/\/palazzomalaspina.it\/de\/wp-json\/wp\/v2\/types\/page"}],"author":[{"embeddable":true,"href":"https:\/\/palazzomalaspina.it\/de\/wp-json\/wp\/v2\/users\/1"}],"replies":[{"embeddable":true,"href":"https:\/\/palazzomalaspina.it\/de\/wp-json\/wp\/v2\/comments?post=2719"}],"version-history":[{"count":0,"href":"https:\/\/palazzomalaspina.it\/de\/wp-json\/wp\/v2\/pages\/2719\/revisions"}],"wp:featuredmedia":[{"embeddable":true,"href":"https:\/\/palazzomalaspina.it\/de\/wp-json\/wp\/v2\/media\/1700"}],"wp:attachment":[{"href":"https:\/\/palazzomalaspina.it\/de\/wp-json\/wp\/v2\/media?parent=2719"}],"wp:term":[{"taxonomy":"category","embeddable":true,"href":"https:\/\/palazzomalaspina.it\/de\/wp-json\/wp\/v2\/categories?post=2719"},{"taxonomy":"post_tag","embeddable":true,"href":"https:\/\/palazzomalaspina.it\/de\/wp-json\/wp\/v2\/tags?post=2719"}],"curies":[{"name":"wp","href":"https:\/\/api.w.org\/{rel}","templated":true}]}}