{"id":2340,"date":"2023-03-20T16:21:18","date_gmt":"2023-03-20T16:21:18","guid":{"rendered":"https:\/\/dev.palazzomalaspina.it\/?page_id=2340"},"modified":"2023-05-18T15:46:19","modified_gmt":"2023-05-18T15:46:19","slug":"bb-chianti-san-donato-in-poggio","status":"publish","type":"page","link":"https:\/\/palazzomalaspina.it\/de\/bb-chianti-san-donato-in-poggio\/","title":{"rendered":"Wo wir sind"},"content":{"rendered":"\t\t<div data-elementor-type=\"wp-page\" data-elementor-id=\"2340\" class=\"elementor elementor-2340 elementor-746\">\n\t\t\t\t\t\t\t<div data-dce-background-image-url=\"https:\/\/palazzomalaspina.it\/wp-content\/uploads\/2023\/04\/sandonato-34.jpg\" class=\"elementor-element elementor-element-e445cab e-con-full magic-button-disabled-no e-con\" data-id=\"e445cab\" data-element_type=\"container\" data-settings=\"{&quot;jet_parallax_layout_list&quot;:[],&quot;content_width&quot;:&quot;full&quot;,&quot;background_background&quot;:&quot;classic&quot;}\">\n\t\t\t\t<\/div>\n\t\t<div class=\"elementor-element elementor-element-3ef0cf5 e-con-boxed magic-button-disabled-no e-con\" data-id=\"3ef0cf5\" data-element_type=\"container\" data-settings=\"{&quot;jet_parallax_layout_list&quot;:[],&quot;content_width&quot;:&quot;boxed&quot;}\">\n\t\t\t\t\t<div class=\"e-con-inner\">\n\t\t\t\t<div class=\"elementor-element elementor-element-5d2c221 elementor-widget elementor-widget-html\" data-id=\"5d2c221\" data-element_type=\"widget\" data-widget_type=\"html.default\">\n\t\t\t\t<div class=\"elementor-widget-container\">\n\t\t\t<script defer src=\"https:\/\/cdn.beddy.io\/bol\/prod\/beddybar.js?release13052020_v0\"><\/script>\n<beddy-bar lang=\"de\" widgetcode=\"5d52e6c5585f8\" charset=\"UTF-8\"><\/beddy-bar>\t\t<\/div>\n\t\t\t\t<\/div>\n\t\t\t\t\t<\/div>\n\t\t\t\t<\/div>\n\t\t<div class=\"elementor-element elementor-element-8b5d818 e-con-boxed magic-button-disabled-no e-con\" data-id=\"8b5d818\" data-element_type=\"container\" data-settings=\"{&quot;jet_parallax_layout_list&quot;:[],&quot;content_width&quot;:&quot;boxed&quot;}\">\n\t\t\t\t\t<div class=\"e-con-inner\">\n\t\t\t\t<div class=\"elementor-element elementor-element-b7a7e20 elementor-widget elementor-widget-text-editor\" data-id=\"b7a7e20\" data-element_type=\"widget\" data-widget_type=\"text-editor.default\">\n\t\t\t\t<div class=\"elementor-widget-container\">\n\t\t\t<style>\/*! elementor - v3.11.4 - 12-03-2023 *\/\n.elementor-widget-text-editor.elementor-drop-cap-view-stacked .elementor-drop-cap{background-color:#818a91;color:#fff}.elementor-widget-text-editor.elementor-drop-cap-view-framed .elementor-drop-cap{color:#818a91;border:3px solid;background-color:transparent}.elementor-widget-text-editor:not(.elementor-drop-cap-view-default) .elementor-drop-cap{margin-top:8px}.elementor-widget-text-editor:not(.elementor-drop-cap-view-default) .elementor-drop-cap-letter{width:1em;height:1em}.elementor-widget-text-editor .elementor-drop-cap{float:left;text-align:center;line-height:1;font-size:50px}.elementor-widget-text-editor .elementor-drop-cap-letter{display:inline-block}<\/style>\t\t\t\t<div><h2>Palazzo Malaspina B&amp;B ist der perfekte Standort, um einen unvergesslichen Urlaub in der Toskana zu verbringen<\/h2><\/div><div><p><i>Das mittelalterliche Dorf San Donato in Poggio, eingebettet in die Chianti-H\u00fcgel, inmitten von Handwerk, Wein und traditionellen Aromen, wurde vom Tourismusrat des Nationalen Verbands der italienischen Gemeinden (ANCI) als eines der sch\u00f6nsten D\u00f6rfer Italiens im Jahr 2022 ausgezeichnet, und zwar aufgrund seiner &#8222;st\u00e4dtebaulichen und architektonischen Qualit\u00e4t, der Aufwertung und F\u00f6rderung seines Erbes, der Zug\u00e4nglichkeit, der Harmonie und Homogenit\u00e4t seiner Strukturen und der Vitalit\u00e4t seiner Gemeinschaft&#8220;.<\/i><\/p><p>Das Bed und Breakfast Palazzo Malaspina ist eine ideale Wahl, nicht nur f\u00fcr die, die Florenz, die \u201cWiege der Renaissance\u201d besuchen wollen, sondern auch f\u00fcr die, die gleichzeitig die Freuden des toskanischen Landlebens auskosten wollen. Wir liegen im Herzen des famosen Chianti Classico Anbaugebietes, in der N\u00e4he der charakteristischen Orte San Gimignano, Montalcino, Monteriggioni, Cortona und ber\u00fchmter St\u00e4dte wie Siena, Lucca und Arezzo, die Sie in einer Stunde Fahrzeit vom Bed &amp; Breakfast Palazzo Malaspina erreichen k\u00f6nnen.<\/p><h2>GPS<\/h2><p>Lat: 43.53552139 Lon: 11.23462146<\/p><h2>Vom Florence<\/h2><p>Vom Zentrum aus fahren Sie in Richtung S\u00fcden den Schildern (blauen oder gr\u00fcn wei\u00dfen) nach Siena folgend. An der Porta Romana (wo die kuriose Statue einer Frau mit einer Steinplatte auf dem Kopf steht) fahren Sie weiter in Richtung Siena den Berg hinauf. Kurz vor Galluzzo f\u00e4ngt rechts die Umgehungsstra\u00dfe an, die Sie direkt auf die Schnellstra\u00dfe Florenz Siena bringt.Die 5. Ausfahrt \u00a0San Donato nehmen und links in Richtung San Donato fahren. Einmal dort angekommen (circa 2 km)\u00a0 folgen Sie den Schildern f\u00fcr Palazzo Malaspina.\u00a0\u00a0<\/p><h2>Vom Flughafen Florenz<\/h2><p><span style=\"font-weight: 400;\">Fahren Sie rechts vom Flugplatz auf die A11. Nehmen Sie die erste Ausfahrt sofort nach der Tankstelle und fahren in Richtung Siena &#8211; Roma.<\/span><span style=\"font-weight: 400;\"><br \/><\/span><span style=\"font-weight: 400;\">Fahren Sie auf die Autobahn A1, ziehen Sie an der Mautstation eine Karte, danach bleiben Sie auf der linken Spur in Richtung S\u00fcden. <\/span><span style=\"font-weight: 400;\">Nehmen Sie die Ausfahrt\u00a0 Firenze-Impruneta und fahren im Kreisverkehr rechts in Richtung Siena &#8211; Grosseto<\/span><span style=\"font-weight: 400;\">. Die 5. Ausfahrt\u00a0 San Donato nehmen und links in Richtung San Donato fahren. Einmal dort angekommen (circa 2 km)\u00a0 folgen Sie den Schildern f\u00fcr Palazzo Malaspina. <\/span><\/p><h2><b>Vom Flughafen Pisa <\/b><\/h2><p><span style=\"font-weight: 400;\">Fahren Sie gleich am Flughafen rechts auf die Schnellstrasse Pisa Florence (FI-PI-LI) Folgen Sie den Schildern nach Florenz und nehem kurz vor Florenz die Abzweigung nach Siena. Fahren Sie auf die Autobahn A1, ziehen Sie an der Mautstation eine Karte, danach bleiben Sie auf der linken Spur in Richtung S\u00fcden. <\/span><span style=\"font-weight: 400;\">Nehmen Sie die Ausfahrt\u00a0 Firenze-Impruneta und fahren im Kreisverkehr rechts in Richtung Siena &#8211; Grosseto<\/span><span style=\"font-weight: 400;\">. Die 5. Ausfahrt\u00a0 San Donato nehmen und links in Richtung San Donato fahren. Einmal dort angekommen (circa 2 km)\u00a0 folgen Sie den Schildern f\u00fcr Palazzo Malaspina. <\/span><\/p><h2><b>Von Bologna\u00a0<\/b><\/h2><p><span style=\"font-weight: 400;\">Fahren Sie auf die Autobahn A1, ziehen Sie an der Mautstation eine Karte, danach in Richtung S\u00fcden: Firenze\u00a0 Roma <\/span><span style=\"font-weight: 400;\">Nehmen Sie die Ausfahrt\u00a0 Firenze-Impruneta und fahren im Kreisverkehr rechts in Richtung Siena &#8211; Grosseto. <\/span><span style=\"font-weight: 400;\">Die 5. Ausfahrt\u00a0 San Donato nehmen und links in Richtung San Donato fahren. Einmal dort angekommen (circa 2 km)\u00a0 folgen Sie den Schildern f\u00fcr Palazzo Malaspina. <\/span><\/p><h2><b>Von Rom<\/b><\/h2><p><span style=\"font-weight: 400;\">Fahren Sie auf die Autobahn A1, ziehen Sie an der Mautstation eine Karte, danach fahren Sie in Richtung Norden Firenze Bologna. <\/span><span style=\"font-weight: 400;\">Nehmen Sie die Ausfahrt\u00a0 Firenze-Impruneta und fahren im Kreisverkehr rechts in Richtung Siena &#8211; Grosseto<\/span><span style=\"font-weight: 400;\">. Die 5. Ausfahrt\u00a0 San Donato nehmen und links in Richtung San Donato fahren. Einmal dort angekommen (circa 2 km)\u00a0 folgen Sie den Schildern f\u00fcr Palazzo Malaspina.<\/span><\/p><h2><b>Von Siena<\/b><\/h2><p><span style=\"font-weight: 400;\">Fahren Sie auf die Schnellstra\u00dfe\u00a0 Siena-Firenze. Nehmen Sie\u00a0 die Ausfahrt\u00a0 San Donato und fahren rechts in Richtung San Donato. Einmal dort angekommen (circa 2 km)\u00a0 folgen Sie den Schildern f\u00fcr Palazzo Malaspina. <\/span><\/p><\/div>\t\t\t\t\t\t<\/div>\n\t\t\t\t<\/div>\n\t\t\t\t\t<\/div>\n\t\t\t\t<\/div>\n\t\t<div class=\"elementor-element elementor-element-bf89b08 e-con-boxed magic-button-disabled-no e-con\" data-id=\"bf89b08\" data-element_type=\"container\" data-settings=\"{&quot;jet_parallax_layout_list&quot;:[],&quot;content_width&quot;:&quot;boxed&quot;}\">\n\t\t\t\t\t<div class=\"e-con-inner\">\n\t\t\t\t<div class=\"elementor-element elementor-element-f814e98 elementor-widget elementor-widget-google_maps\" data-id=\"f814e98\" data-element_type=\"widget\" data-widget_type=\"google_maps.default\">\n\t\t\t\t<div class=\"elementor-widget-container\">\n\t\t\t<style>\/*! elementor - v3.11.4 - 12-03-2023 *\/\n.elementor-widget-google_maps .elementor-widget-container{overflow:hidden}.elementor-widget-google_maps .elementor-custom-embed{line-height:0}.elementor-widget-google_maps iframe{height:300px}<\/style>\t\t<div class=\"elementor-custom-embed\">\n\t\t\t<iframe loading=\"lazy\"\n\t\t\t\t\tsrc=\"https:\/\/maps.google.com\/maps?q=Via%20del%20Giglio%2C%2035%2050020%20San%20Donato%20in%20Poggio%2C%20Florence%2C%20Italy&#038;t=m&#038;z=15&#038;output=embed&#038;iwloc=near\"\n\t\t\t\t\ttitle=\"Via del Giglio, 35 50020 San Donato in Poggio, Florence, Italy\"\n\t\t\t\t\taria-label=\"Via del Giglio, 35 50020 San Donato in Poggio, Florence, Italy\"\n\t\t\t><\/iframe>\n\t\t<\/div>\n\t\t\t\t<\/div>\n\t\t\t\t<\/div>\n\t\t\t\t\t<\/div>\n\t\t\t\t<\/div>\n\t\t\t\t\t\t\t<\/div>\n\t\t","protected":false},"excerpt":{"rendered":"<p>Palazzo Malaspina B&amp;B ist der perfekte Standort, um einen unvergesslichen Urlaub in der Toskana zu verbringen Das mittelalterliche Dorf San Donato in Poggio, eingebettet in die Chianti-H\u00fcgel, inmitten von Handwerk, Wein und traditionellen Aromen, wurde vom Tourismusrat des Nationalen Verbands der italienischen Gemeinden (ANCI) als eines der sch\u00f6nsten D\u00f6rfer Italiens im Jahr 2022 ausgezeichnet, und&#8230;<\/p>\n","protected":false},"author":1,"featured_media":2068,"parent":0,"menu_order":28,"comment_status":"closed","ping_status":"closed","template":"","meta":{"footnotes":""},"categories":[],"tags":[52],"class_list":["post-2340","page","type-page","status-publish","has-post-thumbnail","hentry","tag-featured-de"],"acf":[],"yoast_head":"<!-- This site is optimized with the Yoast SEO Premium plugin v20.2.1 (Yoast SEO v20.2.1) - https:\/\/yoast.com\/wordpress\/plugins\/seo\/ -->\n<title>Wo wir sind - Palazzo Malaspina B&amp;B im Chianti, Toskana<\/title>\n<meta name=\"robots\" content=\"index, follow, max-snippet:-1, max-image-preview:large, max-video-preview:-1\" \/>\n<link rel=\"canonical\" href=\"https:\/\/palazzomalaspina.it\/de\/bb-chianti-san-donato-in-poggio\/\" \/>\n<meta property=\"og:locale\" content=\"de_DE\" \/>\n<meta property=\"og:type\" content=\"article\" \/>\n<meta property=\"og:title\" content=\"Wo wir sind\" \/>\n<meta property=\"og:description\" content=\"Palazzo Malaspina B&amp;B ist der perfekte Standort, um einen unvergesslichen Urlaub in der Toskana zu verbringen Das mittelalterliche Dorf San Donato in Poggio, eingebettet in die Chianti-H\u00fcgel, inmitten von Handwerk, Wein und traditionellen Aromen, wurde vom Tourismusrat des Nationalen Verbands der italienischen Gemeinden (ANCI) als eines der sch\u00f6nsten D\u00f6rfer Italiens im Jahr 2022 ausgezeichnet, und...\" \/>\n<meta property=\"og:url\" content=\"https:\/\/palazzomalaspina.it\/de\/bb-chianti-san-donato-in-poggio\/\" \/>\n<meta property=\"og:site_name\" content=\"Palazzo Malaspina\" \/>\n<meta property=\"article:modified_time\" content=\"2023-05-18T15:46:19+00:00\" \/>\n<meta property=\"og:image\" content=\"https:\/\/palazzomalaspina.it\/wp-content\/uploads\/2023\/04\/sandonato-34.jpg\" \/>\n\t<meta property=\"og:image:width\" content=\"1920\" \/>\n\t<meta property=\"og:image:height\" content=\"1277\" \/>\n\t<meta property=\"og:image:type\" content=\"image\/jpeg\" \/>\n<meta name=\"twitter:card\" content=\"summary_large_image\" \/>\n<meta name=\"twitter:label1\" content=\"Gesch\u00e4tzte Lesezeit\" \/>\n\t<meta name=\"twitter:data1\" content=\"4\u00a0Minuten\" \/>\n<script type=\"application\/ld+json\" class=\"yoast-schema-graph\">{\"@context\":\"https:\/\/schema.org\",\"@graph\":[{\"@type\":\"WebPage\",\"@id\":\"https:\/\/palazzomalaspina.it\/de\/bb-chianti-san-donato-in-poggio\/\",\"url\":\"https:\/\/palazzomalaspina.it\/de\/bb-chianti-san-donato-in-poggio\/\",\"name\":\"Wo wir sind - Palazzo Malaspina B&B im Chianti, Toskana\",\"isPartOf\":{\"@id\":\"https:\/\/palazzomalaspina.it\/de\/#website\"},\"datePublished\":\"2023-03-20T16:21:18+00:00\",\"dateModified\":\"2023-05-18T15:46:19+00:00\",\"breadcrumb\":{\"@id\":\"https:\/\/palazzomalaspina.it\/de\/bb-chianti-san-donato-in-poggio\/#breadcrumb\"},\"inLanguage\":\"de\",\"potentialAction\":[{\"@type\":\"ReadAction\",\"target\":[\"https:\/\/palazzomalaspina.it\/de\/bb-chianti-san-donato-in-poggio\/\"]}]},{\"@type\":\"BreadcrumbList\",\"@id\":\"https:\/\/palazzomalaspina.it\/de\/bb-chianti-san-donato-in-poggio\/#breadcrumb\",\"itemListElement\":[{\"@type\":\"ListItem\",\"position\":1,\"name\":\"Home\",\"item\":\"https:\/\/palazzomalaspina.it\/de\/\"},{\"@type\":\"ListItem\",\"position\":2,\"name\":\"Wo wir sind\"}]},{\"@type\":\"WebSite\",\"@id\":\"https:\/\/palazzomalaspina.it\/de\/#website\",\"url\":\"https:\/\/palazzomalaspina.it\/de\/\",\"name\":\"Palazzo Malaspina\",\"description\":\"\",\"publisher\":{\"@id\":\"https:\/\/palazzomalaspina.it\/de\/#organization\"},\"potentialAction\":[{\"@type\":\"SearchAction\",\"target\":{\"@type\":\"EntryPoint\",\"urlTemplate\":\"https:\/\/palazzomalaspina.it\/de\/?s={search_term_string}\"},\"query-input\":\"required name=search_term_string\"}],\"inLanguage\":\"de\"},{\"@type\":\"Organization\",\"@id\":\"https:\/\/palazzomalaspina.it\/de\/#organization\",\"name\":\"Palazzo Malaspina\",\"url\":\"https:\/\/palazzomalaspina.it\/de\/\",\"logo\":{\"@type\":\"ImageObject\",\"inLanguage\":\"de\",\"@id\":\"https:\/\/palazzomalaspina.it\/de\/#\/schema\/logo\/image\/\",\"url\":\"https:\/\/palazzomalaspina.it\/wp-content\/uploads\/2023\/03\/logo-min.svg\",\"contentUrl\":\"https:\/\/palazzomalaspina.it\/wp-content\/uploads\/2023\/03\/logo-min.svg\",\"width\":385.91,\"height\":593.83,\"caption\":\"Palazzo Malaspina\"},\"image\":{\"@id\":\"https:\/\/palazzomalaspina.it\/de\/#\/schema\/logo\/image\/\"}}]}<\/script>\n<!-- \/ Yoast SEO Premium plugin. -->","yoast_head_json":{"title":"Wo wir sind - Palazzo Malaspina B&B im Chianti, Toskana","robots":{"index":"index","follow":"follow","max-snippet":"max-snippet:-1","max-image-preview":"max-image-preview:large","max-video-preview":"max-video-preview:-1"},"canonical":"https:\/\/palazzomalaspina.it\/de\/bb-chianti-san-donato-in-poggio\/","og_locale":"de_DE","og_type":"article","og_title":"Wo wir sind","og_description":"Palazzo Malaspina B&amp;B ist der perfekte Standort, um einen unvergesslichen Urlaub in der Toskana zu verbringen Das mittelalterliche Dorf San Donato in Poggio, eingebettet in die Chianti-H\u00fcgel, inmitten von Handwerk, Wein und traditionellen Aromen, wurde vom Tourismusrat des Nationalen Verbands der italienischen Gemeinden (ANCI) als eines der sch\u00f6nsten D\u00f6rfer Italiens im Jahr 2022 ausgezeichnet, und...","og_url":"https:\/\/palazzomalaspina.it\/de\/bb-chianti-san-donato-in-poggio\/","og_site_name":"Palazzo Malaspina","article_modified_time":"2023-05-18T15:46:19+00:00","og_image":[{"width":1920,"height":1277,"url":"https:\/\/palazzomalaspina.it\/wp-content\/uploads\/2023\/04\/sandonato-34.jpg","type":"image\/jpeg"}],"twitter_card":"summary_large_image","twitter_misc":{"Gesch\u00e4tzte Lesezeit":"4\u00a0Minuten"},"schema":{"@context":"https:\/\/schema.org","@graph":[{"@type":"WebPage","@id":"https:\/\/palazzomalaspina.it\/de\/bb-chianti-san-donato-in-poggio\/","url":"https:\/\/palazzomalaspina.it\/de\/bb-chianti-san-donato-in-poggio\/","name":"Wo wir sind - Palazzo Malaspina B&B im Chianti, Toskana","isPartOf":{"@id":"https:\/\/palazzomalaspina.it\/de\/#website"},"datePublished":"2023-03-20T16:21:18+00:00","dateModified":"2023-05-18T15:46:19+00:00","breadcrumb":{"@id":"https:\/\/palazzomalaspina.it\/de\/bb-chianti-san-donato-in-poggio\/#breadcrumb"},"inLanguage":"de","potentialAction":[{"@type":"ReadAction","target":["https:\/\/palazzomalaspina.it\/de\/bb-chianti-san-donato-in-poggio\/"]}]},{"@type":"BreadcrumbList","@id":"https:\/\/palazzomalaspina.it\/de\/bb-chianti-san-donato-in-poggio\/#breadcrumb","itemListElement":[{"@type":"ListItem","position":1,"name":"Home","item":"https:\/\/palazzomalaspina.it\/de\/"},{"@type":"ListItem","position":2,"name":"Wo wir sind"}]},{"@type":"WebSite","@id":"https:\/\/palazzomalaspina.it\/de\/#website","url":"https:\/\/palazzomalaspina.it\/de\/","name":"Palazzo Malaspina","description":"","publisher":{"@id":"https:\/\/palazzomalaspina.it\/de\/#organization"},"potentialAction":[{"@type":"SearchAction","target":{"@type":"EntryPoint","urlTemplate":"https:\/\/palazzomalaspina.it\/de\/?s={search_term_string}"},"query-input":"required name=search_term_string"}],"inLanguage":"de"},{"@type":"Organization","@id":"https:\/\/palazzomalaspina.it\/de\/#organization","name":"Palazzo Malaspina","url":"https:\/\/palazzomalaspina.it\/de\/","logo":{"@type":"ImageObject","inLanguage":"de","@id":"https:\/\/palazzomalaspina.it\/de\/#\/schema\/logo\/image\/","url":"https:\/\/palazzomalaspina.it\/wp-content\/uploads\/2023\/03\/logo-min.svg","contentUrl":"https:\/\/palazzomalaspina.it\/wp-content\/uploads\/2023\/03\/logo-min.svg","width":385.91,"height":593.83,"caption":"Palazzo Malaspina"},"image":{"@id":"https:\/\/palazzomalaspina.it\/de\/#\/schema\/logo\/image\/"}}]}},"_links":{"self":[{"href":"https:\/\/palazzomalaspina.it\/de\/wp-json\/wp\/v2\/pages\/2340","targetHints":{"allow":["GET"]}}],"collection":[{"href":"https:\/\/palazzomalaspina.it\/de\/wp-json\/wp\/v2\/pages"}],"about":[{"href":"https:\/\/palazzomalaspina.it\/de\/wp-json\/wp\/v2\/types\/page"}],"author":[{"embeddable":true,"href":"https:\/\/palazzomalaspina.it\/de\/wp-json\/wp\/v2\/users\/1"}],"replies":[{"embeddable":true,"href":"https:\/\/palazzomalaspina.it\/de\/wp-json\/wp\/v2\/comments?post=2340"}],"version-history":[{"count":0,"href":"https:\/\/palazzomalaspina.it\/de\/wp-json\/wp\/v2\/pages\/2340\/revisions"}],"wp:featuredmedia":[{"embeddable":true,"href":"https:\/\/palazzomalaspina.it\/de\/wp-json\/wp\/v2\/media\/2068"}],"wp:attachment":[{"href":"https:\/\/palazzomalaspina.it\/de\/wp-json\/wp\/v2\/media?parent=2340"}],"wp:term":[{"taxonomy":"category","embeddable":true,"href":"https:\/\/palazzomalaspina.it\/de\/wp-json\/wp\/v2\/categories?post=2340"},{"taxonomy":"post_tag","embeddable":true,"href":"https:\/\/palazzomalaspina.it\/de\/wp-json\/wp\/v2\/tags?post=2340"}],"curies":[{"name":"wp","href":"https:\/\/api.w.org\/{rel}","templated":true}]}}