{"id":2325,"date":"2023-03-20T16:18:43","date_gmt":"2023-03-20T16:18:43","guid":{"rendered":"https:\/\/dev.palazzomalaspina.it\/?page_id=2325"},"modified":"2023-07-20T11:59:38","modified_gmt":"2023-07-20T11:59:38","slug":"chianti-bb-zimmer","status":"publish","type":"page","link":"https:\/\/palazzomalaspina.it\/de\/chianti-bb-zimmer\/","title":{"rendered":"Unsere Zimmer"},"content":{"rendered":"\t\t<div data-elementor-type=\"wp-page\" data-elementor-id=\"2325\" class=\"elementor elementor-2325 elementor-739\">\n\t\t\t\t\t\t\t<div data-dce-background-image-url=\"https:\/\/palazzomalaspina.it\/wp-content\/uploads\/2023\/03\/a-043_palazzomalaspina_2287.jpg\" class=\"elementor-element elementor-element-f4a6670 e-con-full magic-button-disabled-no e-con\" data-id=\"f4a6670\" data-element_type=\"container\" data-settings=\"{&quot;jet_parallax_layout_list&quot;:[],&quot;content_width&quot;:&quot;full&quot;,&quot;background_background&quot;:&quot;classic&quot;}\">\n\t\t\t\t<\/div>\n\t\t<div class=\"elementor-element elementor-element-65ccf39 e-con-boxed magic-button-disabled-no e-con\" data-id=\"65ccf39\" data-element_type=\"container\" data-settings=\"{&quot;jet_parallax_layout_list&quot;:[],&quot;content_width&quot;:&quot;boxed&quot;}\">\n\t\t\t\t\t<div class=\"e-con-inner\">\n\t\t\t\t<div class=\"elementor-element elementor-element-ac5facd elementor-widget elementor-widget-html\" data-id=\"ac5facd\" data-element_type=\"widget\" data-widget_type=\"html.default\">\n\t\t\t\t<div class=\"elementor-widget-container\">\n\t\t\t<script defer src=\"https:\/\/cdn.beddy.io\/bol\/prod\/beddybar.js?release13052020_v0\"><\/script>\n<beddy-bar lang=\"de\" widgetcode=\"5d52e6c5585f8\" charset=\"UTF-8\"><\/beddy-bar>\t\t<\/div>\n\t\t\t\t<\/div>\n\t\t\t\t\t<\/div>\n\t\t\t\t<\/div>\n\t\t<div class=\"elementor-element elementor-element-9508547 e-con-boxed magic-button-disabled-no e-con\" data-id=\"9508547\" data-element_type=\"container\" data-settings=\"{&quot;jet_parallax_layout_list&quot;:[],&quot;content_width&quot;:&quot;boxed&quot;}\">\n\t\t\t\t\t<div class=\"e-con-inner\">\n\t\t\t\t<div class=\"elementor-element elementor-element-bd71657 elementor-widget elementor-widget-text-editor\" data-id=\"bd71657\" data-element_type=\"widget\" data-widget_type=\"text-editor.default\">\n\t\t\t\t<div class=\"elementor-widget-container\">\n\t\t\t<style>\/*! elementor - v3.11.4 - 12-03-2023 *\/\n.elementor-widget-text-editor.elementor-drop-cap-view-stacked .elementor-drop-cap{background-color:#818a91;color:#fff}.elementor-widget-text-editor.elementor-drop-cap-view-framed .elementor-drop-cap{color:#818a91;border:3px solid;background-color:transparent}.elementor-widget-text-editor:not(.elementor-drop-cap-view-default) .elementor-drop-cap{margin-top:8px}.elementor-widget-text-editor:not(.elementor-drop-cap-view-default) .elementor-drop-cap-letter{width:1em;height:1em}.elementor-widget-text-editor .elementor-drop-cap{float:left;text-align:center;line-height:1;font-size:50px}.elementor-widget-text-editor .elementor-drop-cap-letter{display:inline-block}<\/style>\t\t\t\t<p><span style=\"font-weight: 400;\">Ihr <\/span><b>B&amp;B in der Toskana Palazzo Malaspina <\/b><span style=\"font-weight: 400;\">erz\u00e4hlt Ihnen eine Historie. Eine Historie, die direkt aus dem<\/span><b> Mittelalter <\/b><span style=\"font-weight: 400;\">kommt: beim Eintritt durch das imposante Stadttor \u00f6ffnen sich Ihnen enge Gassen und der Ring der Stadtmauer. Alles, auch der Name der wichtigsten Stra\u00dfe des Ortes, Via del Giglio, erinnert an das florentinische Wappen<\/span><\/p>\n<p><span style=\"font-weight: 400;\">Der<\/span><span style=\"font-weight: 400;\"> Gast f\u00fchlt sich als Hauptperson, sobald er durch das Portal des\u00a0 B &amp; Bs in die <\/span><b>historische Residenz aus der Renaissance <\/b><span style=\"font-weight: 400;\">tritt, atmet er Geschichte. Die Decke aus antiken Balken und ein Waschbecken aus pietra serena derselben Epoche, erz\u00e4hlen\u00a0 zusammen mit einem Wappen aus dem 16. Jahrhundert die Geschichte der Adelsfamilie Ticci-Malaspina.<\/span><\/p>\n<p><span style=\"font-weight: 400;\">Der Blick wird geradezu\u00a0 magisch nach oben gegen die Freitreppe, die zu unserem <\/span><b>Bed und Breakfast im Chianti zwischen Florenz und Siena <\/b><span style=\"font-weight: 400;\">f\u00fchrt, gezogen. Ein weitl\u00e4ufiger Raum mit gro\u00dfen Fenstern und hoher Decke bietet Ihnen ein ruhiges Ambiente, in dem Sie das Fr\u00fchst\u00fcck mit hausgemachten toskanischen Spezialit\u00e4ten genie\u00dfen k\u00f6nnen. Ein wundersch\u00f6nes Bild aus dem 15. Jahrhundert, das San Bernardino von Siena darstellt, und das alleine schon einen Aufenthalt im <\/span><b>B&amp;B <\/b><span style=\"font-weight: 400;\">rechtfertigen w\u00fcrde, verst\u00e4rkt dieses Empfinden noch. Rechts f\u00fchrt ein Korridor, ausgeschm\u00fcckt mit Bildern und Antiquit\u00e4ten, zu den <\/span><b>5 Zimmern mit privatem Bad, <\/b><span style=\"font-weight: 400;\">die wir wertvoll mit antiken M\u00f6beln und eleganten Stoffen gestaltet haben. Es ist ein Gef\u00fchl von W\u00e4rme und Familie, das jeder Gast hier sofort versp\u00fcren muss, um sich zu Hause zu f\u00fchlen.<\/span><\/p>\n<p><b>Alles berichtet hier von der Toskana, <\/b><span style=\"font-weight: 400;\">angefangen vom Farbenspiel der Zimmer, dem Aroma der gerade aus dem Backofen kommenden Torten, der Farbe und dem Bouquet einer Flasche Chianti Classico, die Sie auf Ihrem Zimmer erwartet, bis hin zum Blick, der sich auf die\u00a0 H\u00fcgel des Chianti Classico Gallo Nero erstreckt, bedeckt\u00a0 Olivenb\u00e4umen die eines der besten Oliven\u00f6le der Welt produzieren.<\/span><\/p>\t\t\t\t\t\t<\/div>\n\t\t\t\t<\/div>\n\t\t\t\t<div class=\"elementor-element elementor-element-9fd6b2a elementor-grid-3 elementor-grid-tablet-2 elementor-grid-mobile-1 elementor-posts--thumbnail-top elementor-card-shadow-yes elementor-posts__hover-gradient elementor-widget elementor-widget-posts\" data-id=\"9fd6b2a\" data-element_type=\"widget\" data-settings=\"{&quot;cards_columns&quot;:&quot;3&quot;,&quot;cards_columns_tablet&quot;:&quot;2&quot;,&quot;cards_columns_mobile&quot;:&quot;1&quot;,&quot;cards_row_gap&quot;:{&quot;unit&quot;:&quot;px&quot;,&quot;size&quot;:35,&quot;sizes&quot;:[]},&quot;cards_row_gap_tablet&quot;:{&quot;unit&quot;:&quot;px&quot;,&quot;size&quot;:&quot;&quot;,&quot;sizes&quot;:[]},&quot;cards_row_gap_mobile&quot;:{&quot;unit&quot;:&quot;px&quot;,&quot;size&quot;:&quot;&quot;,&quot;sizes&quot;:[]}}\" data-widget_type=\"posts.cards\">\n\t\t\t\t<div class=\"elementor-widget-container\">\n\t\t\t<link rel=\"stylesheet\" href=\"https:\/\/palazzomalaspina.it\/wp-content\/plugins\/elementor-pro\/assets\/css\/widget-posts.min.css\">\t\t<div class=\"elementor-posts-container elementor-posts elementor-posts--skin-cards elementor-grid\">\n\t\t\t\t<article class=\"elementor-post elementor-grid-item post-2428 room type-room status-publish has-post-thumbnail hentry\">\n\t\t\t<div class=\"elementor-post__card\">\n\t\t\t\t<a class=\"elementor-post__thumbnail__link\" href=\"https:\/\/palazzomalaspina.it\/de\/room\/double-room-panoramic-balcony\/\" ><div class=\"elementor-post__thumbnail\"><img decoding=\"async\" width=\"768\" height=\"512\" src=\"https:\/\/palazzomalaspina.it\/wp-content\/uploads\/2023\/03\/a-063_palazzomalaspina_2282-768x512.jpg\" class=\"attachment-medium_large size-medium_large wp-image-1878\" alt=\"\" srcset=\"https:\/\/palazzomalaspina.it\/wp-content\/uploads\/2023\/03\/a-063_palazzomalaspina_2282-768x512.jpg 768w, https:\/\/palazzomalaspina.it\/wp-content\/uploads\/2023\/03\/a-063_palazzomalaspina_2282-300x200.jpg 300w, https:\/\/palazzomalaspina.it\/wp-content\/uploads\/2023\/03\/a-063_palazzomalaspina_2282-1024x683.jpg 1024w, https:\/\/palazzomalaspina.it\/wp-content\/uploads\/2023\/03\/a-063_palazzomalaspina_2282-1536x1025.jpg 1536w, https:\/\/palazzomalaspina.it\/wp-content\/uploads\/2023\/03\/a-063_palazzomalaspina_2282.jpg 2000w\" sizes=\"(max-width: 768px) 100vw, 768px\" \/><\/div><\/a>\n\t\t\t\t<div class=\"elementor-post__text\">\n\t\t\t\t<h3 class=\"elementor-post__title\">\n\t\t\t<a href=\"https:\/\/palazzomalaspina.it\/de\/room\/double-room-panoramic-balcony\/\" >\n\t\t\t\tDoppelzimmer deluxe mit Balkon\t\t\t<\/a>\n\t\t<\/h3>\n\t\t\t\t<div class=\"elementor-post__excerpt\">\n\t\t\t<p>Das ca. 15 m\u00b2 gro\u00dfe Deluxe-Doppelzimmer verf\u00fcgt \u00fcber ein Queen-Size-Bett, das mit kostbaren und anschmiegsamen Stoffen verziert ist, und wird von warmen und bezaubernden Lichtern beleuchtet.<\/p>\n\t\t<\/div>\n\t\t\n\t\t<a class=\"elementor-post__read-more\" href=\"https:\/\/palazzomalaspina.it\/de\/room\/double-room-panoramic-balcony\/\" aria-label=\"Read more about Doppelzimmer deluxe mit Balkon\" >\n\t\t\tRead More \u00bb\t\t<\/a>\n\n\t\t\t\t<\/div>\n\t\t\t\t\t<\/div>\n\t\t<\/article>\n\t\t\t\t<article class=\"elementor-post elementor-grid-item post-2433 room type-room status-publish has-post-thumbnail hentry\">\n\t\t\t<div class=\"elementor-post__card\">\n\t\t\t\t<a class=\"elementor-post__thumbnail__link\" href=\"https:\/\/palazzomalaspina.it\/de\/room\/king-room-with-jacuzzi\/\" ><div class=\"elementor-post__thumbnail\"><img decoding=\"async\" width=\"768\" height=\"512\" src=\"https:\/\/palazzomalaspina.it\/wp-content\/uploads\/2023\/03\/a-043_palazzomalaspina_2287-1-768x512.jpg\" class=\"attachment-medium_large size-medium_large wp-image-1924\" alt=\"\" srcset=\"https:\/\/palazzomalaspina.it\/wp-content\/uploads\/2023\/03\/a-043_palazzomalaspina_2287-1-768x512.jpg 768w, https:\/\/palazzomalaspina.it\/wp-content\/uploads\/2023\/03\/a-043_palazzomalaspina_2287-1-300x200.jpg 300w, https:\/\/palazzomalaspina.it\/wp-content\/uploads\/2023\/03\/a-043_palazzomalaspina_2287-1-1024x683.jpg 1024w, https:\/\/palazzomalaspina.it\/wp-content\/uploads\/2023\/03\/a-043_palazzomalaspina_2287-1-1536x1025.jpg 1536w, https:\/\/palazzomalaspina.it\/wp-content\/uploads\/2023\/03\/a-043_palazzomalaspina_2287-1.jpg 2000w\" sizes=\"(max-width: 768px) 100vw, 768px\" \/><\/div><\/a>\n\t\t\t\t<div class=\"elementor-post__text\">\n\t\t\t\t<h3 class=\"elementor-post__title\">\n\t\t\t<a href=\"https:\/\/palazzomalaspina.it\/de\/room\/king-room-with-jacuzzi\/\" >\n\t\t\t\tKing Zimmer mit Jacuzzi\t\t\t<\/a>\n\t\t<\/h3>\n\t\t\t\t<div class=\"elementor-post__excerpt\">\n\t\t\t<p>Mit ihren Kassettendecken und ihrem Volumen, das \u00fcber 25 qm einnimmt, sind dies die K\u00f6nigszimmer mit Jacuzzi des Bed &#038; Breakfast Palazzo Malaspina.<\/p>\n\t\t<\/div>\n\t\t\n\t\t<a class=\"elementor-post__read-more\" href=\"https:\/\/palazzomalaspina.it\/de\/room\/king-room-with-jacuzzi\/\" aria-label=\"Read more about King Zimmer mit Jacuzzi\" >\n\t\t\tRead More \u00bb\t\t<\/a>\n\n\t\t\t\t<\/div>\n\t\t\t\t\t<\/div>\n\t\t<\/article>\n\t\t\t\t<article class=\"elementor-post elementor-grid-item post-2437 room type-room status-publish has-post-thumbnail hentry\">\n\t\t\t<div class=\"elementor-post__card\">\n\t\t\t\t<a class=\"elementor-post__thumbnail__link\" href=\"https:\/\/palazzomalaspina.it\/de\/room\/king-room-with-jacuzzi-garden-view\/\" ><div class=\"elementor-post__thumbnail\"><img decoding=\"async\" width=\"768\" height=\"512\" src=\"https:\/\/palazzomalaspina.it\/wp-content\/uploads\/2023\/03\/a-078_palazzomalaspina_2355-768x512.jpg\" class=\"attachment-medium_large size-medium_large wp-image-1908\" alt=\"\" srcset=\"https:\/\/palazzomalaspina.it\/wp-content\/uploads\/2023\/03\/a-078_palazzomalaspina_2355-768x512.jpg 768w, https:\/\/palazzomalaspina.it\/wp-content\/uploads\/2023\/03\/a-078_palazzomalaspina_2355-300x200.jpg 300w, https:\/\/palazzomalaspina.it\/wp-content\/uploads\/2023\/03\/a-078_palazzomalaspina_2355-1024x683.jpg 1024w, https:\/\/palazzomalaspina.it\/wp-content\/uploads\/2023\/03\/a-078_palazzomalaspina_2355-1536x1025.jpg 1536w, https:\/\/palazzomalaspina.it\/wp-content\/uploads\/2023\/03\/a-078_palazzomalaspina_2355.jpg 2000w\" sizes=\"(max-width: 768px) 100vw, 768px\" \/><\/div><\/a>\n\t\t\t\t<div class=\"elementor-post__text\">\n\t\t\t\t<h3 class=\"elementor-post__title\">\n\t\t\t<a href=\"https:\/\/palazzomalaspina.it\/de\/room\/king-room-with-jacuzzi-garden-view\/\" >\n\t\t\t\tKing Zimmer mit Gartenblick und Jacuzzi\t\t\t<\/a>\n\t\t<\/h3>\n\t\t\t\t<div class=\"elementor-post__excerpt\">\n\t\t\t<p>Edle Vorh\u00e4nge und eine famili\u00e4re Einrichtung empfangen Sie in dieser Zimmerkategorie Ihres toskanischen B&#038;B, die etwa 20 m\u00b2 dieses historischen Hauses einnimmt. <\/p>\n\t\t<\/div>\n\t\t\n\t\t<a class=\"elementor-post__read-more\" href=\"https:\/\/palazzomalaspina.it\/de\/room\/king-room-with-jacuzzi-garden-view\/\" aria-label=\"Read more about King Zimmer mit Gartenblick und Jacuzzi\" >\n\t\t\tRead More \u00bb\t\t<\/a>\n\n\t\t\t\t<\/div>\n\t\t\t\t\t<\/div>\n\t\t<\/article>\n\t\t\t\t<\/div>\n\t\t\n\t\t\t\t<\/div>\n\t\t\t\t<\/div>\n\t\t\t\t\t<\/div>\n\t\t\t\t<\/div>\n\t\t\t\t\t\t\t<\/div>\n\t\t","protected":false},"excerpt":{"rendered":"<p>Ihr B&amp;B in der Toskana Palazzo Malaspina erz\u00e4hlt Ihnen eine Historie. Eine Historie, die direkt aus dem Mittelalter kommt: beim Eintritt durch das imposante Stadttor \u00f6ffnen sich Ihnen enge Gassen und der Ring der Stadtmauer. Alles, auch der Name der wichtigsten Stra\u00dfe des Ortes, Via del Giglio, erinnert an das florentinische Wappen Der Gast f\u00fchlt&#8230;<\/p>\n","protected":false},"author":1,"featured_media":1700,"parent":0,"menu_order":21,"comment_status":"closed","ping_status":"closed","template":"","meta":{"footnotes":""},"categories":[],"tags":[52],"class_list":["post-2325","page","type-page","status-publish","has-post-thumbnail","hentry","tag-featured-de"],"acf":[],"yoast_head":"<!-- This site is optimized with the Yoast SEO Premium plugin v20.2.1 (Yoast SEO v20.2.1) - https:\/\/yoast.com\/wordpress\/plugins\/seo\/ -->\n<title>Unsere Zimmer - Palazzo Malaspina B&amp;B im Chianti, Toskana<\/title>\n<meta name=\"description\" content=\"Das historische B&amp;B liegt im Zentrum von San Donato in Poggio im Chianti und verf\u00fcgt \u00fcber f\u00fcnf Doppelzimmer, von denen einige einen Blick auf die toskanischen H\u00fcgel bieten.\" \/>\n<meta name=\"robots\" content=\"index, follow, max-snippet:-1, max-image-preview:large, max-video-preview:-1\" \/>\n<link rel=\"canonical\" href=\"https:\/\/palazzomalaspina.it\/de\/chianti-bb-zimmer\/\" \/>\n<meta property=\"og:locale\" content=\"de_DE\" \/>\n<meta property=\"og:type\" content=\"article\" \/>\n<meta property=\"og:title\" content=\"Unsere Zimmer\" \/>\n<meta property=\"og:description\" content=\"Das historische B&amp;B liegt im Zentrum von San Donato in Poggio im Chianti und verf\u00fcgt \u00fcber f\u00fcnf Doppelzimmer, von denen einige einen Blick auf die toskanischen H\u00fcgel bieten.\" \/>\n<meta property=\"og:url\" content=\"https:\/\/palazzomalaspina.it\/de\/chianti-bb-zimmer\/\" \/>\n<meta property=\"og:site_name\" content=\"Palazzo Malaspina\" \/>\n<meta property=\"article:modified_time\" content=\"2023-07-20T11:59:38+00:00\" \/>\n<meta property=\"og:image\" content=\"https:\/\/palazzomalaspina.it\/wp-content\/uploads\/2023\/03\/a-043_palazzomalaspina_2287.jpg\" \/>\n\t<meta property=\"og:image:width\" content=\"2000\" \/>\n\t<meta property=\"og:image:height\" content=\"1334\" \/>\n\t<meta property=\"og:image:type\" content=\"image\/jpeg\" \/>\n<meta name=\"twitter:card\" content=\"summary_large_image\" \/>\n<meta name=\"twitter:label1\" content=\"Gesch\u00e4tzte Lesezeit\" \/>\n\t<meta name=\"twitter:data1\" content=\"2\u00a0Minuten\" \/>\n<script type=\"application\/ld+json\" class=\"yoast-schema-graph\">{\"@context\":\"https:\/\/schema.org\",\"@graph\":[{\"@type\":\"WebPage\",\"@id\":\"https:\/\/palazzomalaspina.it\/de\/chianti-bb-zimmer\/\",\"url\":\"https:\/\/palazzomalaspina.it\/de\/chianti-bb-zimmer\/\",\"name\":\"Unsere Zimmer - Palazzo Malaspina B&B im Chianti, Toskana\",\"isPartOf\":{\"@id\":\"https:\/\/palazzomalaspina.it\/de\/#website\"},\"datePublished\":\"2023-03-20T16:18:43+00:00\",\"dateModified\":\"2023-07-20T11:59:38+00:00\",\"description\":\"Das historische B&B liegt im Zentrum von San Donato in Poggio im Chianti und verf\u00fcgt \u00fcber f\u00fcnf Doppelzimmer, von denen einige einen Blick auf die toskanischen H\u00fcgel bieten.\",\"breadcrumb\":{\"@id\":\"https:\/\/palazzomalaspina.it\/de\/chianti-bb-zimmer\/#breadcrumb\"},\"inLanguage\":\"de\",\"potentialAction\":[{\"@type\":\"ReadAction\",\"target\":[\"https:\/\/palazzomalaspina.it\/de\/chianti-bb-zimmer\/\"]}]},{\"@type\":\"BreadcrumbList\",\"@id\":\"https:\/\/palazzomalaspina.it\/de\/chianti-bb-zimmer\/#breadcrumb\",\"itemListElement\":[{\"@type\":\"ListItem\",\"position\":1,\"name\":\"Home\",\"item\":\"https:\/\/palazzomalaspina.it\/de\/\"},{\"@type\":\"ListItem\",\"position\":2,\"name\":\"Unsere Zimmer\"}]},{\"@type\":\"WebSite\",\"@id\":\"https:\/\/palazzomalaspina.it\/de\/#website\",\"url\":\"https:\/\/palazzomalaspina.it\/de\/\",\"name\":\"Palazzo Malaspina\",\"description\":\"\",\"publisher\":{\"@id\":\"https:\/\/palazzomalaspina.it\/de\/#organization\"},\"potentialAction\":[{\"@type\":\"SearchAction\",\"target\":{\"@type\":\"EntryPoint\",\"urlTemplate\":\"https:\/\/palazzomalaspina.it\/de\/?s={search_term_string}\"},\"query-input\":\"required name=search_term_string\"}],\"inLanguage\":\"de\"},{\"@type\":\"Organization\",\"@id\":\"https:\/\/palazzomalaspina.it\/de\/#organization\",\"name\":\"Palazzo Malaspina\",\"url\":\"https:\/\/palazzomalaspina.it\/de\/\",\"logo\":{\"@type\":\"ImageObject\",\"inLanguage\":\"de\",\"@id\":\"https:\/\/palazzomalaspina.it\/de\/#\/schema\/logo\/image\/\",\"url\":\"https:\/\/palazzomalaspina.it\/wp-content\/uploads\/2023\/03\/logo-min.svg\",\"contentUrl\":\"https:\/\/palazzomalaspina.it\/wp-content\/uploads\/2023\/03\/logo-min.svg\",\"width\":385.91,\"height\":593.83,\"caption\":\"Palazzo Malaspina\"},\"image\":{\"@id\":\"https:\/\/palazzomalaspina.it\/de\/#\/schema\/logo\/image\/\"}}]}<\/script>\n<!-- \/ Yoast SEO Premium plugin. -->","yoast_head_json":{"title":"Unsere Zimmer - Palazzo Malaspina B&B im Chianti, Toskana","description":"Das historische B&B liegt im Zentrum von San Donato in Poggio im Chianti und verf\u00fcgt \u00fcber f\u00fcnf Doppelzimmer, von denen einige einen Blick auf die toskanischen H\u00fcgel bieten.","robots":{"index":"index","follow":"follow","max-snippet":"max-snippet:-1","max-image-preview":"max-image-preview:large","max-video-preview":"max-video-preview:-1"},"canonical":"https:\/\/palazzomalaspina.it\/de\/chianti-bb-zimmer\/","og_locale":"de_DE","og_type":"article","og_title":"Unsere Zimmer","og_description":"Das historische B&B liegt im Zentrum von San Donato in Poggio im Chianti und verf\u00fcgt \u00fcber f\u00fcnf Doppelzimmer, von denen einige einen Blick auf die toskanischen H\u00fcgel bieten.","og_url":"https:\/\/palazzomalaspina.it\/de\/chianti-bb-zimmer\/","og_site_name":"Palazzo Malaspina","article_modified_time":"2023-07-20T11:59:38+00:00","og_image":[{"width":2000,"height":1334,"url":"https:\/\/palazzomalaspina.it\/wp-content\/uploads\/2023\/03\/a-043_palazzomalaspina_2287.jpg","type":"image\/jpeg"}],"twitter_card":"summary_large_image","twitter_misc":{"Gesch\u00e4tzte Lesezeit":"2\u00a0Minuten"},"schema":{"@context":"https:\/\/schema.org","@graph":[{"@type":"WebPage","@id":"https:\/\/palazzomalaspina.it\/de\/chianti-bb-zimmer\/","url":"https:\/\/palazzomalaspina.it\/de\/chianti-bb-zimmer\/","name":"Unsere Zimmer - Palazzo Malaspina B&B im Chianti, Toskana","isPartOf":{"@id":"https:\/\/palazzomalaspina.it\/de\/#website"},"datePublished":"2023-03-20T16:18:43+00:00","dateModified":"2023-07-20T11:59:38+00:00","description":"Das historische B&B liegt im Zentrum von San Donato in Poggio im Chianti und verf\u00fcgt \u00fcber f\u00fcnf Doppelzimmer, von denen einige einen Blick auf die toskanischen H\u00fcgel bieten.","breadcrumb":{"@id":"https:\/\/palazzomalaspina.it\/de\/chianti-bb-zimmer\/#breadcrumb"},"inLanguage":"de","potentialAction":[{"@type":"ReadAction","target":["https:\/\/palazzomalaspina.it\/de\/chianti-bb-zimmer\/"]}]},{"@type":"BreadcrumbList","@id":"https:\/\/palazzomalaspina.it\/de\/chianti-bb-zimmer\/#breadcrumb","itemListElement":[{"@type":"ListItem","position":1,"name":"Home","item":"https:\/\/palazzomalaspina.it\/de\/"},{"@type":"ListItem","position":2,"name":"Unsere Zimmer"}]},{"@type":"WebSite","@id":"https:\/\/palazzomalaspina.it\/de\/#website","url":"https:\/\/palazzomalaspina.it\/de\/","name":"Palazzo Malaspina","description":"","publisher":{"@id":"https:\/\/palazzomalaspina.it\/de\/#organization"},"potentialAction":[{"@type":"SearchAction","target":{"@type":"EntryPoint","urlTemplate":"https:\/\/palazzomalaspina.it\/de\/?s={search_term_string}"},"query-input":"required name=search_term_string"}],"inLanguage":"de"},{"@type":"Organization","@id":"https:\/\/palazzomalaspina.it\/de\/#organization","name":"Palazzo Malaspina","url":"https:\/\/palazzomalaspina.it\/de\/","logo":{"@type":"ImageObject","inLanguage":"de","@id":"https:\/\/palazzomalaspina.it\/de\/#\/schema\/logo\/image\/","url":"https:\/\/palazzomalaspina.it\/wp-content\/uploads\/2023\/03\/logo-min.svg","contentUrl":"https:\/\/palazzomalaspina.it\/wp-content\/uploads\/2023\/03\/logo-min.svg","width":385.91,"height":593.83,"caption":"Palazzo Malaspina"},"image":{"@id":"https:\/\/palazzomalaspina.it\/de\/#\/schema\/logo\/image\/"}}]}},"_links":{"self":[{"href":"https:\/\/palazzomalaspina.it\/de\/wp-json\/wp\/v2\/pages\/2325","targetHints":{"allow":["GET"]}}],"collection":[{"href":"https:\/\/palazzomalaspina.it\/de\/wp-json\/wp\/v2\/pages"}],"about":[{"href":"https:\/\/palazzomalaspina.it\/de\/wp-json\/wp\/v2\/types\/page"}],"author":[{"embeddable":true,"href":"https:\/\/palazzomalaspina.it\/de\/wp-json\/wp\/v2\/users\/1"}],"replies":[{"embeddable":true,"href":"https:\/\/palazzomalaspina.it\/de\/wp-json\/wp\/v2\/comments?post=2325"}],"version-history":[{"count":0,"href":"https:\/\/palazzomalaspina.it\/de\/wp-json\/wp\/v2\/pages\/2325\/revisions"}],"wp:featuredmedia":[{"embeddable":true,"href":"https:\/\/palazzomalaspina.it\/de\/wp-json\/wp\/v2\/media\/1700"}],"wp:attachment":[{"href":"https:\/\/palazzomalaspina.it\/de\/wp-json\/wp\/v2\/media?parent=2325"}],"wp:term":[{"taxonomy":"category","embeddable":true,"href":"https:\/\/palazzomalaspina.it\/de\/wp-json\/wp\/v2\/categories?post=2325"},{"taxonomy":"post_tag","embeddable":true,"href":"https:\/\/palazzomalaspina.it\/de\/wp-json\/wp\/v2\/tags?post=2325"}],"curies":[{"name":"wp","href":"https:\/\/api.w.org\/{rel}","templated":true}]}}