{"id":2322,"date":"2023-03-20T16:35:50","date_gmt":"2023-03-20T16:35:50","guid":{"rendered":"https:\/\/dev.palazzomalaspina.it\/?page_id=2322"},"modified":"2023-05-10T14:48:19","modified_gmt":"2023-05-10T14:48:19","slug":"palazzo-malaspina-bb-geschichte","status":"publish","type":"page","link":"https:\/\/palazzomalaspina.it\/de\/palazzo-malaspina-bb-geschichte\/","title":{"rendered":"Geschichte des Palazzo Malaspina"},"content":{"rendered":"\t\t<div data-elementor-type=\"wp-page\" data-elementor-id=\"2322\" class=\"elementor elementor-2322 elementor-761\">\n\t\t\t\t\t\t\t<div data-dce-background-image-url=\"https:\/\/palazzomalaspina.it\/wp-content\/uploads\/2023\/03\/headerstory.jpg\" class=\"elementor-element elementor-element-254fa95 e-con-full magic-button-disabled-no e-con\" data-id=\"254fa95\" data-element_type=\"container\" data-settings=\"{&quot;jet_parallax_layout_list&quot;:[],&quot;content_width&quot;:&quot;full&quot;,&quot;background_background&quot;:&quot;classic&quot;}\">\n\t\t\t\t<\/div>\n\t\t<div class=\"elementor-element elementor-element-fd8dfa4 e-con-boxed magic-button-disabled-no e-con\" data-id=\"fd8dfa4\" data-element_type=\"container\" data-settings=\"{&quot;jet_parallax_layout_list&quot;:[],&quot;content_width&quot;:&quot;boxed&quot;}\">\n\t\t\t\t\t<div class=\"e-con-inner\">\n\t\t\t\t<div class=\"elementor-element elementor-element-e4a4943 elementor-widget elementor-widget-html\" data-id=\"e4a4943\" data-element_type=\"widget\" data-widget_type=\"html.default\">\n\t\t\t\t<div class=\"elementor-widget-container\">\n\t\t\t<script defer src=\"https:\/\/cdn.beddy.io\/bol\/prod\/beddybar.js?release13052020_v0\"><\/script>\n<beddy-bar lang=\"de\" widgetcode=\"5d52e6c5585f8\" charset=\"UTF-8\"><\/beddy-bar>\t\t<\/div>\n\t\t\t\t<\/div>\n\t\t\t\t\t<\/div>\n\t\t\t\t<\/div>\n\t\t<div class=\"elementor-element elementor-element-501fa25 e-con-boxed magic-button-disabled-no e-con\" data-id=\"501fa25\" data-element_type=\"container\" data-settings=\"{&quot;jet_parallax_layout_list&quot;:[],&quot;content_width&quot;:&quot;boxed&quot;}\">\n\t\t\t\t\t<div class=\"e-con-inner\">\n\t\t\t\t<div class=\"elementor-element elementor-element-1b270c0 elementor-widget elementor-widget-text-editor\" data-id=\"1b270c0\" data-element_type=\"widget\" data-widget_type=\"text-editor.default\">\n\t\t\t\t<div class=\"elementor-widget-container\">\n\t\t\t<style>\/*! elementor - v3.11.4 - 12-03-2023 *\/\n.elementor-widget-text-editor.elementor-drop-cap-view-stacked .elementor-drop-cap{background-color:#818a91;color:#fff}.elementor-widget-text-editor.elementor-drop-cap-view-framed .elementor-drop-cap{color:#818a91;border:3px solid;background-color:transparent}.elementor-widget-text-editor:not(.elementor-drop-cap-view-default) .elementor-drop-cap{margin-top:8px}.elementor-widget-text-editor:not(.elementor-drop-cap-view-default) .elementor-drop-cap-letter{width:1em;height:1em}.elementor-widget-text-editor .elementor-drop-cap{float:left;text-align:center;line-height:1;font-size:50px}.elementor-widget-text-editor .elementor-drop-cap-letter{display:inline-block}<\/style>\t\t\t\t<h1><span style=\"font-weight: 400;\">Marias Geschichte<\/span><\/h1>\n<p><strong>Ich bin hier geboren<\/strong><\/p>\n<p><span style=\"font-weight: 400;\">In diesem <\/span><b>befestigten mittelalterlichen Weiler, <\/b><span style=\"font-weight: 400;\">mitten in der <\/span><b>toskanischen Landschaft, <\/b><span style=\"font-weight: 400;\">zwischen anmutigen und eleganten Zypressen, silberbl\u00e4ttrigen Olivenb\u00e4umen und sanften, mit Weinbergen bedeckten H\u00fcgeln des Chianti Fiorentino.<\/span><\/p>\n<h2><span style=\"font-weight: 400;\">Ich bin hier aufgewachsen<\/span><\/h2>\n<p><span style=\"font-weight: 400;\">In dieser <\/span><b>historischen Residenza <\/b><span style=\"font-weight: 400;\">im Ortskern von <\/span><b>\u00a0<\/b><a href=\"https:\/\/it.wikipedia.org\/wiki\/San_Donato_in_Poggio\"><b>San Donato in Poggio<\/b><\/a><b>, <\/b><span style=\"font-weight: 400;\">im <\/span><a href=\"https:\/\/www.chianticlassico.com\/\"><b>Chianti Classico<\/b><\/a><span style=\"font-weight: 400;\"> und hier habe ich meine Kindheit verbracht. Ich spielte auf der steingepflasterten Stra\u00dfe, umgeben von l\u00e4chelnden und aufmerksamen Frauen, die ihre Zeit damit verbrachten, drau\u00dfen sitzend zu sticken.. Eine gl\u00fcckliche, behutsame Kindheit voller Liebe und Harmonie.<\/span><\/p>\n<p><span style=\"font-weight: 400;\">Meine <\/span><b>Geschichte<\/b><span style=\"font-weight: 400;\"> ist die des <\/span><b>Palazzo Malaspina, <\/b><span style=\"font-weight: 400;\">eine einfache Geschichte:<\/span> <span style=\"font-weight: 400;\">sonntags wurde mit meiner <\/span><b>Mama<\/b><span style=\"font-weight: 400;\">\u00a0 und Tante Clara <\/span><b>Pasta <\/b><span style=\"font-weight: 400;\">auf dem gro\u00dfen Marmortisch in der K\u00fcche gemacht; das ist die Geschichte, die ich jeden Tag meinen G\u00e4sten erz\u00e4hle. Meine Eltern Nuccia und Gino haben dort ihre Familie gegr\u00fcndet, wo heute die G\u00e4ste in den reich dekorierten und mit\u00a0 feinsten Stoffen ausgestatteten Zimmern meines Bed and Breakfasts ihre Zeit verbringen.<\/span><\/p>\n<h2><span style=\"font-weight: 400;\">Ein B&amp;B in der Toskana\u00a0<\/span><\/h2>\n<h2><span style=\"font-weight: 400;\">Geschichte, Landschaft und \u00d6nogastronomie\u00a0\u00a0<\/span><\/h2>\n<p><span style=\"font-weight: 400;\">Und hier, in den f\u00fcnf Zimmern meines\u00a0 <\/span><b>Bed and Breakfast Palazzo Malaspina<\/b><span style=\"font-weight: 400;\"> wird meine Geschichte die Geschichte meiner G\u00e4ste, die im Ehebett meiner Eltern schlafen, die ihre Kleider in die gro\u00dfen Nussbaumschr\u00e4nke h\u00e4ngen, die heute noch nach Holz duften, die zwischen feinsten Leint\u00fcchern langsam in den Schlaf fallen.Und was f\u00fcr ein Erwachen am Morgen: der durchdringende Geruch der hausgemachten Kuchen und Pl\u00e4tzchen, das Aroma des mit der Moka gemachten Kaffees durchdringen das ganze Haus.<\/span><\/p>\n<h2><span style=\"font-weight: 400;\">Die Toskana um mich herum\u00a0<\/span><\/h2>\n<p><span style=\"font-weight: 400;\">Das ist das\u00a0 <\/span><b>Bed &amp; Breakfast Palazzo Malaspina<\/b><span style=\"font-weight: 400;\"> heute: ein Ort, von dem man aufbricht, um <\/span><b>authentische Erfahrungen des Landstrichs <\/b><span style=\"font-weight: 400;\">\u00a0zu machen. Morgens, sofort nach dem Fr\u00fchst\u00fcck geht es los, bevor in den Sommermonaten die toskanische Sonne zu blendend und stark wird oder, bevor im Herbst der Nebel die H\u00fcgel verschleiert.<\/span><\/p>\n<p><b>F<\/b><b>lorenz, <\/b><b>San Gimignano und seine T\u00fcrme<\/b><span style=\"font-weight: 400;\">, <\/span><b>Siena mit der Piazza del Campo oder dem Palio<\/b><b>, <\/b><b>die Kellereien des Chianti Gallo Nero<\/b><span style=\"font-weight: 400;\"> mit den Weinverkostungen, die meine G\u00e4ste so lieben, das sind die beliebtesten Ziele. Auch meine Geheimtipps f\u00fcr die kleinen Orte, die nur wir Einwohner kennen und wo man die authentische toskanische K\u00fcche ausprobieren kann, sind sehr gefragt.<\/span><\/p>\n<h3><span style=\"font-weight: 400;\">Palazzo Malaspina l\u00e4sst Sie Ihre eigenen Erfahrungen erleben!<\/span><\/h3>\t\t\t\t\t\t<\/div>\n\t\t\t\t<\/div>\n\t\t\t\t\t<\/div>\n\t\t\t\t<\/div>\n\t\t\t\t\t\t\t<\/div>\n\t\t","protected":false},"excerpt":{"rendered":"<p>Marias Geschichte Ich bin hier geboren In diesem befestigten mittelalterlichen Weiler, mitten in der toskanischen Landschaft, zwischen anmutigen und eleganten Zypressen, silberbl\u00e4ttrigen Olivenb\u00e4umen und sanften, mit Weinbergen bedeckten H\u00fcgeln des Chianti Fiorentino. Ich bin hier aufgewachsen In dieser historischen Residenza im Ortskern von \u00a0San Donato in Poggio, im Chianti Classico und hier habe ich meine&#8230;<\/p>\n","protected":false},"author":1,"featured_media":1698,"parent":0,"menu_order":16,"comment_status":"closed","ping_status":"closed","template":"","meta":{"footnotes":""},"categories":[],"tags":[],"class_list":["post-2322","page","type-page","status-publish","has-post-thumbnail","hentry"],"acf":[],"yoast_head":"<!-- This site is optimized with the Yoast SEO Premium plugin v20.2.1 (Yoast SEO v20.2.1) - https:\/\/yoast.com\/wordpress\/plugins\/seo\/ -->\n<title>Geschichte des Palazzo Malaspina - Palazzo Malaspina B&amp;B<\/title>\n<meta name=\"description\" content=\"In diesem befestigten mittelalterlichen Weiler, mitten in der toskanischen Landschaft, zwischen anmutigen und eleganten Zypressen, silberbl\u00e4ttrigen Olivenb\u00e4umen und sanften, mit Weinbergen bedeckten H\u00fcgeln des Chianti Fiorentino.\" \/>\n<meta name=\"robots\" content=\"index, follow, max-snippet:-1, max-image-preview:large, max-video-preview:-1\" \/>\n<link rel=\"canonical\" href=\"https:\/\/palazzomalaspina.it\/de\/palazzo-malaspina-bb-geschichte\/\" \/>\n<meta property=\"og:locale\" content=\"de_DE\" \/>\n<meta property=\"og:type\" content=\"article\" \/>\n<meta property=\"og:title\" content=\"Geschichte des Palazzo Malaspina\" \/>\n<meta property=\"og:description\" content=\"In diesem befestigten mittelalterlichen Weiler, mitten in der toskanischen Landschaft, zwischen anmutigen und eleganten Zypressen, silberbl\u00e4ttrigen Olivenb\u00e4umen und sanften, mit Weinbergen bedeckten H\u00fcgeln des Chianti Fiorentino.\" \/>\n<meta property=\"og:url\" content=\"https:\/\/palazzomalaspina.it\/de\/palazzo-malaspina-bb-geschichte\/\" \/>\n<meta property=\"og:site_name\" content=\"Palazzo Malaspina\" \/>\n<meta property=\"article:modified_time\" content=\"2023-05-10T14:48:19+00:00\" \/>\n<meta property=\"og:image\" content=\"https:\/\/palazzomalaspina.it\/wp-content\/uploads\/2023\/03\/headerstory.jpg\" \/>\n\t<meta property=\"og:image:width\" content=\"2000\" \/>\n\t<meta property=\"og:image:height\" content=\"700\" \/>\n\t<meta property=\"og:image:type\" content=\"image\/jpeg\" \/>\n<meta name=\"twitter:card\" content=\"summary_large_image\" \/>\n<meta name=\"twitter:label1\" content=\"Gesch\u00e4tzte Lesezeit\" \/>\n\t<meta name=\"twitter:data1\" content=\"3\u00a0Minuten\" \/>\n<script type=\"application\/ld+json\" class=\"yoast-schema-graph\">{\"@context\":\"https:\/\/schema.org\",\"@graph\":[{\"@type\":\"WebPage\",\"@id\":\"https:\/\/palazzomalaspina.it\/de\/palazzo-malaspina-bb-geschichte\/\",\"url\":\"https:\/\/palazzomalaspina.it\/de\/palazzo-malaspina-bb-geschichte\/\",\"name\":\"Geschichte des Palazzo Malaspina - Palazzo Malaspina B&B\",\"isPartOf\":{\"@id\":\"https:\/\/palazzomalaspina.it\/de\/#website\"},\"datePublished\":\"2023-03-20T16:35:50+00:00\",\"dateModified\":\"2023-05-10T14:48:19+00:00\",\"description\":\"In diesem befestigten mittelalterlichen Weiler, mitten in der toskanischen Landschaft, zwischen anmutigen und eleganten Zypressen, silberbl\u00e4ttrigen Olivenb\u00e4umen und sanften, mit Weinbergen bedeckten H\u00fcgeln des Chianti Fiorentino.\",\"breadcrumb\":{\"@id\":\"https:\/\/palazzomalaspina.it\/de\/palazzo-malaspina-bb-geschichte\/#breadcrumb\"},\"inLanguage\":\"de\",\"potentialAction\":[{\"@type\":\"ReadAction\",\"target\":[\"https:\/\/palazzomalaspina.it\/de\/palazzo-malaspina-bb-geschichte\/\"]}]},{\"@type\":\"BreadcrumbList\",\"@id\":\"https:\/\/palazzomalaspina.it\/de\/palazzo-malaspina-bb-geschichte\/#breadcrumb\",\"itemListElement\":[{\"@type\":\"ListItem\",\"position\":1,\"name\":\"Home\",\"item\":\"https:\/\/palazzomalaspina.it\/de\/\"},{\"@type\":\"ListItem\",\"position\":2,\"name\":\"Geschichte des Palazzo Malaspina\"}]},{\"@type\":\"WebSite\",\"@id\":\"https:\/\/palazzomalaspina.it\/de\/#website\",\"url\":\"https:\/\/palazzomalaspina.it\/de\/\",\"name\":\"Palazzo Malaspina\",\"description\":\"\",\"publisher\":{\"@id\":\"https:\/\/palazzomalaspina.it\/de\/#organization\"},\"potentialAction\":[{\"@type\":\"SearchAction\",\"target\":{\"@type\":\"EntryPoint\",\"urlTemplate\":\"https:\/\/palazzomalaspina.it\/de\/?s={search_term_string}\"},\"query-input\":\"required name=search_term_string\"}],\"inLanguage\":\"de\"},{\"@type\":\"Organization\",\"@id\":\"https:\/\/palazzomalaspina.it\/de\/#organization\",\"name\":\"Palazzo Malaspina\",\"url\":\"https:\/\/palazzomalaspina.it\/de\/\",\"logo\":{\"@type\":\"ImageObject\",\"inLanguage\":\"de\",\"@id\":\"https:\/\/palazzomalaspina.it\/de\/#\/schema\/logo\/image\/\",\"url\":\"https:\/\/palazzomalaspina.it\/wp-content\/uploads\/2023\/03\/logo-min.svg\",\"contentUrl\":\"https:\/\/palazzomalaspina.it\/wp-content\/uploads\/2023\/03\/logo-min.svg\",\"width\":385.91,\"height\":593.83,\"caption\":\"Palazzo Malaspina\"},\"image\":{\"@id\":\"https:\/\/palazzomalaspina.it\/de\/#\/schema\/logo\/image\/\"}}]}<\/script>\n<!-- \/ Yoast SEO Premium plugin. -->","yoast_head_json":{"title":"Geschichte des Palazzo Malaspina - Palazzo Malaspina B&B","description":"In diesem befestigten mittelalterlichen Weiler, mitten in der toskanischen Landschaft, zwischen anmutigen und eleganten Zypressen, silberbl\u00e4ttrigen Olivenb\u00e4umen und sanften, mit Weinbergen bedeckten H\u00fcgeln des Chianti Fiorentino.","robots":{"index":"index","follow":"follow","max-snippet":"max-snippet:-1","max-image-preview":"max-image-preview:large","max-video-preview":"max-video-preview:-1"},"canonical":"https:\/\/palazzomalaspina.it\/de\/palazzo-malaspina-bb-geschichte\/","og_locale":"de_DE","og_type":"article","og_title":"Geschichte des Palazzo Malaspina","og_description":"In diesem befestigten mittelalterlichen Weiler, mitten in der toskanischen Landschaft, zwischen anmutigen und eleganten Zypressen, silberbl\u00e4ttrigen Olivenb\u00e4umen und sanften, mit Weinbergen bedeckten H\u00fcgeln des Chianti Fiorentino.","og_url":"https:\/\/palazzomalaspina.it\/de\/palazzo-malaspina-bb-geschichte\/","og_site_name":"Palazzo Malaspina","article_modified_time":"2023-05-10T14:48:19+00:00","og_image":[{"width":2000,"height":700,"url":"https:\/\/palazzomalaspina.it\/wp-content\/uploads\/2023\/03\/headerstory.jpg","type":"image\/jpeg"}],"twitter_card":"summary_large_image","twitter_misc":{"Gesch\u00e4tzte Lesezeit":"3\u00a0Minuten"},"schema":{"@context":"https:\/\/schema.org","@graph":[{"@type":"WebPage","@id":"https:\/\/palazzomalaspina.it\/de\/palazzo-malaspina-bb-geschichte\/","url":"https:\/\/palazzomalaspina.it\/de\/palazzo-malaspina-bb-geschichte\/","name":"Geschichte des Palazzo Malaspina - Palazzo Malaspina B&B","isPartOf":{"@id":"https:\/\/palazzomalaspina.it\/de\/#website"},"datePublished":"2023-03-20T16:35:50+00:00","dateModified":"2023-05-10T14:48:19+00:00","description":"In diesem befestigten mittelalterlichen Weiler, mitten in der toskanischen Landschaft, zwischen anmutigen und eleganten Zypressen, silberbl\u00e4ttrigen Olivenb\u00e4umen und sanften, mit Weinbergen bedeckten H\u00fcgeln des Chianti Fiorentino.","breadcrumb":{"@id":"https:\/\/palazzomalaspina.it\/de\/palazzo-malaspina-bb-geschichte\/#breadcrumb"},"inLanguage":"de","potentialAction":[{"@type":"ReadAction","target":["https:\/\/palazzomalaspina.it\/de\/palazzo-malaspina-bb-geschichte\/"]}]},{"@type":"BreadcrumbList","@id":"https:\/\/palazzomalaspina.it\/de\/palazzo-malaspina-bb-geschichte\/#breadcrumb","itemListElement":[{"@type":"ListItem","position":1,"name":"Home","item":"https:\/\/palazzomalaspina.it\/de\/"},{"@type":"ListItem","position":2,"name":"Geschichte des Palazzo Malaspina"}]},{"@type":"WebSite","@id":"https:\/\/palazzomalaspina.it\/de\/#website","url":"https:\/\/palazzomalaspina.it\/de\/","name":"Palazzo Malaspina","description":"","publisher":{"@id":"https:\/\/palazzomalaspina.it\/de\/#organization"},"potentialAction":[{"@type":"SearchAction","target":{"@type":"EntryPoint","urlTemplate":"https:\/\/palazzomalaspina.it\/de\/?s={search_term_string}"},"query-input":"required name=search_term_string"}],"inLanguage":"de"},{"@type":"Organization","@id":"https:\/\/palazzomalaspina.it\/de\/#organization","name":"Palazzo Malaspina","url":"https:\/\/palazzomalaspina.it\/de\/","logo":{"@type":"ImageObject","inLanguage":"de","@id":"https:\/\/palazzomalaspina.it\/de\/#\/schema\/logo\/image\/","url":"https:\/\/palazzomalaspina.it\/wp-content\/uploads\/2023\/03\/logo-min.svg","contentUrl":"https:\/\/palazzomalaspina.it\/wp-content\/uploads\/2023\/03\/logo-min.svg","width":385.91,"height":593.83,"caption":"Palazzo Malaspina"},"image":{"@id":"https:\/\/palazzomalaspina.it\/de\/#\/schema\/logo\/image\/"}}]}},"_links":{"self":[{"href":"https:\/\/palazzomalaspina.it\/de\/wp-json\/wp\/v2\/pages\/2322","targetHints":{"allow":["GET"]}}],"collection":[{"href":"https:\/\/palazzomalaspina.it\/de\/wp-json\/wp\/v2\/pages"}],"about":[{"href":"https:\/\/palazzomalaspina.it\/de\/wp-json\/wp\/v2\/types\/page"}],"author":[{"embeddable":true,"href":"https:\/\/palazzomalaspina.it\/de\/wp-json\/wp\/v2\/users\/1"}],"replies":[{"embeddable":true,"href":"https:\/\/palazzomalaspina.it\/de\/wp-json\/wp\/v2\/comments?post=2322"}],"version-history":[{"count":0,"href":"https:\/\/palazzomalaspina.it\/de\/wp-json\/wp\/v2\/pages\/2322\/revisions"}],"wp:featuredmedia":[{"embeddable":true,"href":"https:\/\/palazzomalaspina.it\/de\/wp-json\/wp\/v2\/media\/1698"}],"wp:attachment":[{"href":"https:\/\/palazzomalaspina.it\/de\/wp-json\/wp\/v2\/media?parent=2322"}],"wp:term":[{"taxonomy":"category","embeddable":true,"href":"https:\/\/palazzomalaspina.it\/de\/wp-json\/wp\/v2\/categories?post=2322"},{"taxonomy":"post_tag","embeddable":true,"href":"https:\/\/palazzomalaspina.it\/de\/wp-json\/wp\/v2\/tags?post=2322"}],"curies":[{"name":"wp","href":"https:\/\/api.w.org\/{rel}","templated":true}]}}