{"id":2316,"date":"2023-04-21T12:58:49","date_gmt":"2023-04-21T12:58:49","guid":{"rendered":"https:\/\/dev.palazzomalaspina.it\/?page_id=2316"},"modified":"2024-04-02T12:17:29","modified_gmt":"2024-04-02T12:17:29","slug":"geschaeftsbedingungen","status":"publish","type":"page","link":"https:\/\/palazzomalaspina.it\/de\/geschaeftsbedingungen\/","title":{"rendered":"Gesch\u00e4ftsbedingungen"},"content":{"rendered":"\t\t<div data-elementor-type=\"wp-page\" data-elementor-id=\"2316\" class=\"elementor elementor-2316 elementor-1477\">\n\t\t\t\t\t\t\t<div data-dce-background-overlay-color=\"#000000\" data-dce-background-image-url=\"https:\/\/palazzomalaspina.it\/wp-content\/uploads\/2023\/03\/a-089_palazzomalaspina_2435.jpg\" class=\"elementor-element elementor-element-07bed4b e-con-full magic-button-disabled-no e-con\" data-id=\"07bed4b\" data-element_type=\"container\" data-settings=\"{&quot;jet_parallax_layout_list&quot;:[],&quot;content_width&quot;:&quot;full&quot;,&quot;background_background&quot;:&quot;classic&quot;}\">\n\t\t\t\t<\/div>\n\t\t<div class=\"elementor-element elementor-element-3e2d92c e-con-boxed magic-button-disabled-no e-con\" data-id=\"3e2d92c\" data-element_type=\"container\" data-settings=\"{&quot;jet_parallax_layout_list&quot;:[],&quot;content_width&quot;:&quot;boxed&quot;}\">\n\t\t\t\t\t<div class=\"e-con-inner\">\n\t\t\t\t<div class=\"elementor-element elementor-element-d1a577b elementor-widget elementor-widget-text-editor\" data-id=\"d1a577b\" data-element_type=\"widget\" data-widget_type=\"text-editor.default\">\n\t\t\t\t<div class=\"elementor-widget-container\">\n\t\t\t<style>\/*! elementor - v3.11.4 - 12-03-2023 *\/\n.elementor-widget-text-editor.elementor-drop-cap-view-stacked .elementor-drop-cap{background-color:#818a91;color:#fff}.elementor-widget-text-editor.elementor-drop-cap-view-framed .elementor-drop-cap{color:#818a91;border:3px solid;background-color:transparent}.elementor-widget-text-editor:not(.elementor-drop-cap-view-default) .elementor-drop-cap{margin-top:8px}.elementor-widget-text-editor:not(.elementor-drop-cap-view-default) .elementor-drop-cap-letter{width:1em;height:1em}.elementor-widget-text-editor .elementor-drop-cap{float:left;text-align:center;line-height:1;font-size:50px}.elementor-widget-text-editor .elementor-drop-cap-letter{display:inline-block}<\/style>\t\t\t\t<div class=\"\"><p><span style=\"font-weight: 400;\">Die G\u00e4ste werden gebeten, zwischen 15.00 und 20.00 Uhr einzuchecken und bis sp\u00e4testens 11.00 Uhr auszuchecken.<\/span><\/p><p><span style=\"font-weight: 400;\">Fur Buchungen bitten wir um eine Kreditkartennummer mit Verfallsdatum als Garantie, es wird keine Anzahlung abgebucht..<\/span><\/p><p><b>Stornierungen und R\u00fcckzahlungen:<\/b><\/p><p><span style=\"font-weight: 400;\">Im Falle von Stornierungen oder Buchungs\u00e4nderungen:<\/span><\/p><p><b>Stornierungen ohne Geb\u00fchrenanrechnung sind bis 7 Tage vor der Ankunft m\u00f6glich.<\/b><span style=\"font-weight: 400;\"><br \/><\/span><span style=\"font-weight: 400;\">F\u00fcr sp\u00e4tere Stornierungen oder Buchungs\u00e4nderungen: Zahlung von 60 % des vollen Betrages\u00a0\u00a0<\/span><\/p><p><span style=\"font-weight: 400;\">Im Falle von No Show: Abbuchung des vollen Betrages\u00a0<\/span><\/p><p><span style=\"font-weight: 400;\">Die Restzahlung ist bei Ankunft f\u00e4llig, Die komplette Restzahlung ist auch im Falle verfr\u00fchter Abreise f\u00e4llig.<\/span><\/p><p><span style=\"font-weight: 400;\">Wir geben Ihnen gerne\u00a0 weitere Informationen \u00fcber unsere Zahlungsweisen<\/span><\/p><ul><li style=\"font-weight: 400;\" aria-level=\"1\"><span style=\"font-weight: 400;\">Die Tagestariffe beinhalten: Fr\u00fchst\u00fccksbuffet, t\u00e4gliche Reinigung und alle Steuern\u00a0<\/span><\/li><li style=\"font-weight: 400;\" aria-level=\"1\"><span style=\"font-weight: 400;\">Alle Zimmer sind mit Klimaanlage, Telefon, Safe, F\u00f6hn und Toilette Produkten ausgestattet\u00a0<\/span><\/li><li style=\"font-weight: 400;\" aria-level=\"1\"><span style=\"font-weight: 400;\">Concierge f\u00fcr Aktivit\u00e4ten und generelle Informationen.<\/span><\/li><li style=\"font-weight: 400;\" aria-level=\"1\"><span style=\"font-weight: 400;\">Wir akzeptieren keine Haustiere.<\/span><\/li><li style=\"font-weight: 400;\" aria-level=\"1\"><span style=\"font-weight: 400;\">Wiegen sind auf Nachfrage kostenlos verf\u00fcgbar.<\/span><\/li><li style=\"font-weight: 400;\" aria-level=\"1\"><span style=\"font-weight: 400;\">Zustellbetten auf Anfrage, sie kosten, wo der verf\u00fcgbare Raum es erlaubt, 25,00 \u20ac pro Nacht.<\/span><\/li><\/ul><\/div>\t\t\t\t\t\t<\/div>\n\t\t\t\t<\/div>\n\t\t\t\t\t<\/div>\n\t\t\t\t<\/div>\n\t\t\t\t\t\t\t<\/div>\n\t\t","protected":false},"excerpt":{"rendered":"<p>Die G\u00e4ste werden gebeten, zwischen 15.00 und 20.00 Uhr einzuchecken und bis sp\u00e4testens 11.00 Uhr auszuchecken. Fur Buchungen bitten wir um eine Kreditkartennummer mit Verfallsdatum als Garantie, es wird keine Anzahlung abgebucht.. Stornierungen und R\u00fcckzahlungen: Im Falle von Stornierungen oder Buchungs\u00e4nderungen: Stornierungen ohne Geb\u00fchrenanrechnung sind bis 7 Tage vor der Ankunft m\u00f6glich.F\u00fcr sp\u00e4tere Stornierungen oder&#8230;<\/p>\n","protected":false},"author":1,"featured_media":1896,"parent":0,"menu_order":12,"comment_status":"closed","ping_status":"closed","template":"","meta":{"footnotes":""},"categories":[],"tags":[],"class_list":["post-2316","page","type-page","status-publish","has-post-thumbnail","hentry"],"acf":[],"yoast_head":"<!-- This site is optimized with the Yoast SEO Premium plugin v20.2.1 (Yoast SEO v20.2.1) - https:\/\/yoast.com\/wordpress\/plugins\/seo\/ -->\n<title>Gesch\u00e4ftsbedingungen, Palazzo Malaspina B&amp;B im Herzen Chianti<\/title>\n<meta name=\"description\" content=\"Allgemeine Gesch\u00e4ftsbedingungen von Palazzo Malaspina Bed and Breakfast in San Donato in Poggio, Chianti, zwischen Florenz und Siena.\" \/>\n<meta name=\"robots\" content=\"index, follow, max-snippet:-1, max-image-preview:large, max-video-preview:-1\" \/>\n<link rel=\"canonical\" href=\"https:\/\/palazzomalaspina.it\/de\/geschaeftsbedingungen\/\" \/>\n<meta property=\"og:locale\" content=\"de_DE\" \/>\n<meta property=\"og:type\" content=\"article\" \/>\n<meta property=\"og:title\" content=\"Gesch\u00e4ftsbedingungen\" \/>\n<meta property=\"og:description\" content=\"Allgemeine Gesch\u00e4ftsbedingungen von Palazzo Malaspina Bed and Breakfast in San Donato in Poggio, Chianti, zwischen Florenz und Siena.\" \/>\n<meta property=\"og:url\" content=\"https:\/\/palazzomalaspina.it\/de\/geschaeftsbedingungen\/\" \/>\n<meta property=\"og:site_name\" content=\"Palazzo Malaspina\" \/>\n<meta property=\"article:modified_time\" content=\"2024-04-02T12:17:29+00:00\" \/>\n<meta property=\"og:image\" content=\"https:\/\/palazzomalaspina.it\/wp-content\/uploads\/2023\/03\/a-089_palazzomalaspina_2435.jpg\" \/>\n\t<meta property=\"og:image:width\" content=\"2000\" \/>\n\t<meta property=\"og:image:height\" content=\"1334\" \/>\n\t<meta property=\"og:image:type\" content=\"image\/jpeg\" \/>\n<meta name=\"twitter:card\" content=\"summary_large_image\" \/>\n<meta name=\"twitter:label1\" content=\"Gesch\u00e4tzte Lesezeit\" \/>\n\t<meta name=\"twitter:data1\" content=\"1\u00a0Minute\" \/>\n<script type=\"application\/ld+json\" class=\"yoast-schema-graph\">{\"@context\":\"https:\/\/schema.org\",\"@graph\":[{\"@type\":\"WebPage\",\"@id\":\"https:\/\/palazzomalaspina.it\/de\/geschaeftsbedingungen\/\",\"url\":\"https:\/\/palazzomalaspina.it\/de\/geschaeftsbedingungen\/\",\"name\":\"Gesch\u00e4ftsbedingungen, Palazzo Malaspina B&B im Herzen Chianti\",\"isPartOf\":{\"@id\":\"https:\/\/palazzomalaspina.it\/de\/#website\"},\"datePublished\":\"2023-04-21T12:58:49+00:00\",\"dateModified\":\"2024-04-02T12:17:29+00:00\",\"description\":\"Allgemeine Gesch\u00e4ftsbedingungen von Palazzo Malaspina Bed and Breakfast in San Donato in Poggio, Chianti, zwischen Florenz und Siena.\",\"breadcrumb\":{\"@id\":\"https:\/\/palazzomalaspina.it\/de\/geschaeftsbedingungen\/#breadcrumb\"},\"inLanguage\":\"de\",\"potentialAction\":[{\"@type\":\"ReadAction\",\"target\":[\"https:\/\/palazzomalaspina.it\/de\/geschaeftsbedingungen\/\"]}]},{\"@type\":\"BreadcrumbList\",\"@id\":\"https:\/\/palazzomalaspina.it\/de\/geschaeftsbedingungen\/#breadcrumb\",\"itemListElement\":[{\"@type\":\"ListItem\",\"position\":1,\"name\":\"Home\",\"item\":\"https:\/\/palazzomalaspina.it\/de\/\"},{\"@type\":\"ListItem\",\"position\":2,\"name\":\"Gesch\u00e4ftsbedingungen\"}]},{\"@type\":\"WebSite\",\"@id\":\"https:\/\/palazzomalaspina.it\/de\/#website\",\"url\":\"https:\/\/palazzomalaspina.it\/de\/\",\"name\":\"Palazzo Malaspina\",\"description\":\"\",\"publisher\":{\"@id\":\"https:\/\/palazzomalaspina.it\/de\/#organization\"},\"potentialAction\":[{\"@type\":\"SearchAction\",\"target\":{\"@type\":\"EntryPoint\",\"urlTemplate\":\"https:\/\/palazzomalaspina.it\/de\/?s={search_term_string}\"},\"query-input\":\"required name=search_term_string\"}],\"inLanguage\":\"de\"},{\"@type\":\"Organization\",\"@id\":\"https:\/\/palazzomalaspina.it\/de\/#organization\",\"name\":\"Palazzo Malaspina\",\"url\":\"https:\/\/palazzomalaspina.it\/de\/\",\"logo\":{\"@type\":\"ImageObject\",\"inLanguage\":\"de\",\"@id\":\"https:\/\/palazzomalaspina.it\/de\/#\/schema\/logo\/image\/\",\"url\":\"https:\/\/palazzomalaspina.it\/wp-content\/uploads\/2023\/03\/logo-min.svg\",\"contentUrl\":\"https:\/\/palazzomalaspina.it\/wp-content\/uploads\/2023\/03\/logo-min.svg\",\"width\":385.91,\"height\":593.83,\"caption\":\"Palazzo Malaspina\"},\"image\":{\"@id\":\"https:\/\/palazzomalaspina.it\/de\/#\/schema\/logo\/image\/\"}}]}<\/script>\n<!-- \/ Yoast SEO Premium plugin. -->","yoast_head_json":{"title":"Gesch\u00e4ftsbedingungen, Palazzo Malaspina B&B im Herzen Chianti","description":"Allgemeine Gesch\u00e4ftsbedingungen von Palazzo Malaspina Bed and Breakfast in San Donato in Poggio, Chianti, zwischen Florenz und Siena.","robots":{"index":"index","follow":"follow","max-snippet":"max-snippet:-1","max-image-preview":"max-image-preview:large","max-video-preview":"max-video-preview:-1"},"canonical":"https:\/\/palazzomalaspina.it\/de\/geschaeftsbedingungen\/","og_locale":"de_DE","og_type":"article","og_title":"Gesch\u00e4ftsbedingungen","og_description":"Allgemeine Gesch\u00e4ftsbedingungen von Palazzo Malaspina Bed and Breakfast in San Donato in Poggio, Chianti, zwischen Florenz und Siena.","og_url":"https:\/\/palazzomalaspina.it\/de\/geschaeftsbedingungen\/","og_site_name":"Palazzo Malaspina","article_modified_time":"2024-04-02T12:17:29+00:00","og_image":[{"width":2000,"height":1334,"url":"https:\/\/palazzomalaspina.it\/wp-content\/uploads\/2023\/03\/a-089_palazzomalaspina_2435.jpg","type":"image\/jpeg"}],"twitter_card":"summary_large_image","twitter_misc":{"Gesch\u00e4tzte Lesezeit":"1\u00a0Minute"},"schema":{"@context":"https:\/\/schema.org","@graph":[{"@type":"WebPage","@id":"https:\/\/palazzomalaspina.it\/de\/geschaeftsbedingungen\/","url":"https:\/\/palazzomalaspina.it\/de\/geschaeftsbedingungen\/","name":"Gesch\u00e4ftsbedingungen, Palazzo Malaspina B&B im Herzen Chianti","isPartOf":{"@id":"https:\/\/palazzomalaspina.it\/de\/#website"},"datePublished":"2023-04-21T12:58:49+00:00","dateModified":"2024-04-02T12:17:29+00:00","description":"Allgemeine Gesch\u00e4ftsbedingungen von Palazzo Malaspina Bed and Breakfast in San Donato in Poggio, Chianti, zwischen Florenz und Siena.","breadcrumb":{"@id":"https:\/\/palazzomalaspina.it\/de\/geschaeftsbedingungen\/#breadcrumb"},"inLanguage":"de","potentialAction":[{"@type":"ReadAction","target":["https:\/\/palazzomalaspina.it\/de\/geschaeftsbedingungen\/"]}]},{"@type":"BreadcrumbList","@id":"https:\/\/palazzomalaspina.it\/de\/geschaeftsbedingungen\/#breadcrumb","itemListElement":[{"@type":"ListItem","position":1,"name":"Home","item":"https:\/\/palazzomalaspina.it\/de\/"},{"@type":"ListItem","position":2,"name":"Gesch\u00e4ftsbedingungen"}]},{"@type":"WebSite","@id":"https:\/\/palazzomalaspina.it\/de\/#website","url":"https:\/\/palazzomalaspina.it\/de\/","name":"Palazzo Malaspina","description":"","publisher":{"@id":"https:\/\/palazzomalaspina.it\/de\/#organization"},"potentialAction":[{"@type":"SearchAction","target":{"@type":"EntryPoint","urlTemplate":"https:\/\/palazzomalaspina.it\/de\/?s={search_term_string}"},"query-input":"required name=search_term_string"}],"inLanguage":"de"},{"@type":"Organization","@id":"https:\/\/palazzomalaspina.it\/de\/#organization","name":"Palazzo Malaspina","url":"https:\/\/palazzomalaspina.it\/de\/","logo":{"@type":"ImageObject","inLanguage":"de","@id":"https:\/\/palazzomalaspina.it\/de\/#\/schema\/logo\/image\/","url":"https:\/\/palazzomalaspina.it\/wp-content\/uploads\/2023\/03\/logo-min.svg","contentUrl":"https:\/\/palazzomalaspina.it\/wp-content\/uploads\/2023\/03\/logo-min.svg","width":385.91,"height":593.83,"caption":"Palazzo Malaspina"},"image":{"@id":"https:\/\/palazzomalaspina.it\/de\/#\/schema\/logo\/image\/"}}]}},"_links":{"self":[{"href":"https:\/\/palazzomalaspina.it\/de\/wp-json\/wp\/v2\/pages\/2316","targetHints":{"allow":["GET"]}}],"collection":[{"href":"https:\/\/palazzomalaspina.it\/de\/wp-json\/wp\/v2\/pages"}],"about":[{"href":"https:\/\/palazzomalaspina.it\/de\/wp-json\/wp\/v2\/types\/page"}],"author":[{"embeddable":true,"href":"https:\/\/palazzomalaspina.it\/de\/wp-json\/wp\/v2\/users\/1"}],"replies":[{"embeddable":true,"href":"https:\/\/palazzomalaspina.it\/de\/wp-json\/wp\/v2\/comments?post=2316"}],"version-history":[{"count":0,"href":"https:\/\/palazzomalaspina.it\/de\/wp-json\/wp\/v2\/pages\/2316\/revisions"}],"wp:featuredmedia":[{"embeddable":true,"href":"https:\/\/palazzomalaspina.it\/de\/wp-json\/wp\/v2\/media\/1896"}],"wp:attachment":[{"href":"https:\/\/palazzomalaspina.it\/de\/wp-json\/wp\/v2\/media?parent=2316"}],"wp:term":[{"taxonomy":"category","embeddable":true,"href":"https:\/\/palazzomalaspina.it\/de\/wp-json\/wp\/v2\/categories?post=2316"},{"taxonomy":"post_tag","embeddable":true,"href":"https:\/\/palazzomalaspina.it\/de\/wp-json\/wp\/v2\/tags?post=2316"}],"curies":[{"name":"wp","href":"https:\/\/api.w.org\/{rel}","templated":true}]}}