{"id":2310,"date":"2023-03-20T16:37:41","date_gmt":"2023-03-20T16:37:41","guid":{"rendered":"https:\/\/dev.palazzomalaspina.it\/?page_id=2310"},"modified":"2023-05-12T12:47:51","modified_gmt":"2023-05-12T12:47:51","slug":"was-man-im-chianti-machen-kann","status":"publish","type":"page","link":"https:\/\/palazzomalaspina.it\/de\/was-man-im-chianti-machen-kann\/","title":{"rendered":"Rund um das Chianti"},"content":{"rendered":"\t\t<div data-elementor-type=\"wp-page\" data-elementor-id=\"2310\" class=\"elementor elementor-2310 elementor-773\">\n\t\t\t\t\t\t\t<div data-dce-background-image-url=\"https:\/\/palazzomalaspina.it\/wp-content\/uploads\/2023\/03\/gallo.jpg\" class=\"elementor-element elementor-element-50f3ad5 e-con-full magic-button-disabled-no e-con\" data-id=\"50f3ad5\" data-element_type=\"container\" data-settings=\"{&quot;jet_parallax_layout_list&quot;:[],&quot;content_width&quot;:&quot;full&quot;,&quot;background_background&quot;:&quot;classic&quot;}\">\n\t\t\t\t<\/div>\n\t\t<div class=\"elementor-element elementor-element-737d058 e-con-boxed magic-button-disabled-no e-con\" data-id=\"737d058\" data-element_type=\"container\" data-settings=\"{&quot;jet_parallax_layout_list&quot;:[],&quot;content_width&quot;:&quot;boxed&quot;}\">\n\t\t\t\t\t<div class=\"e-con-inner\">\n\t\t\t\t<div class=\"elementor-element elementor-element-ecb982b elementor-widget elementor-widget-html\" data-id=\"ecb982b\" data-element_type=\"widget\" data-widget_type=\"html.default\">\n\t\t\t\t<div class=\"elementor-widget-container\">\n\t\t\t<script defer src=\"https:\/\/cdn.beddy.io\/bol\/prod\/beddybar.js?release13052020_v0\"><\/script>\n<beddy-bar lang=\"de\" widgetcode=\"5d52e6c5585f8\" charset=\"UTF-8\"><\/beddy-bar>\t\t<\/div>\n\t\t\t\t<\/div>\n\t\t\t\t\t<\/div>\n\t\t\t\t<\/div>\n\t\t<div class=\"elementor-element elementor-element-20dd18e e-con-boxed magic-button-disabled-no e-con\" data-id=\"20dd18e\" data-element_type=\"container\" data-settings=\"{&quot;jet_parallax_layout_list&quot;:[],&quot;content_width&quot;:&quot;boxed&quot;}\">\n\t\t\t\t\t<div class=\"e-con-inner\">\n\t\t\t\t<div class=\"elementor-element elementor-element-497d3ff elementor-widget elementor-widget-heading\" data-id=\"497d3ff\" data-element_type=\"widget\" data-widget_type=\"heading.default\">\n\t\t\t\t<div class=\"elementor-widget-container\">\n\t\t\t<style>\/*! elementor - v3.11.4 - 12-03-2023 *\/\n.elementor-heading-title{padding:0;margin:0;line-height:1}.elementor-widget-heading .elementor-heading-title[class*=elementor-size-]>a{color:inherit;font-size:inherit;line-height:inherit}.elementor-widget-heading .elementor-heading-title.elementor-size-small{font-size:15px}.elementor-widget-heading .elementor-heading-title.elementor-size-medium{font-size:19px}.elementor-widget-heading .elementor-heading-title.elementor-size-large{font-size:29px}.elementor-widget-heading .elementor-heading-title.elementor-size-xl{font-size:39px}.elementor-widget-heading .elementor-heading-title.elementor-size-xxl{font-size:59px}<\/style><h2 class=\"elementor-heading-title elementor-size-default\">Was man im Chianti machen kann<\/h2>\t\t<\/div>\n\t\t\t\t<\/div>\n\t\t\t\t<div class=\"elementor-element elementor-element-3d101d1 elementor-widget elementor-widget-text-editor\" data-id=\"3d101d1\" data-element_type=\"widget\" data-widget_type=\"text-editor.default\">\n\t\t\t\t<div class=\"elementor-widget-container\">\n\t\t\t<style>\/*! elementor - v3.11.4 - 12-03-2023 *\/\n.elementor-widget-text-editor.elementor-drop-cap-view-stacked .elementor-drop-cap{background-color:#818a91;color:#fff}.elementor-widget-text-editor.elementor-drop-cap-view-framed .elementor-drop-cap{color:#818a91;border:3px solid;background-color:transparent}.elementor-widget-text-editor:not(.elementor-drop-cap-view-default) .elementor-drop-cap{margin-top:8px}.elementor-widget-text-editor:not(.elementor-drop-cap-view-default) .elementor-drop-cap-letter{width:1em;height:1em}.elementor-widget-text-editor .elementor-drop-cap{float:left;text-align:center;line-height:1;font-size:50px}.elementor-widget-text-editor .elementor-drop-cap-letter{display:inline-block}<\/style>\t\t\t\t<p><span style=\"font-weight: 400;\">Was Sie w\u00e4hrend Ihres<\/span><b> Aufenthalts im Herzen des Chianti in der <\/b><span style=\"font-weight: 400;\">Residenza d&#8217;Epoca <\/span><b>Palazzo Malaspina Bed and Breakfast <\/b><span style=\"font-weight: 400;\">\u00a0nahe bei San Gimignano unternehmen,erleben und besichtigen k\u00f6nnen:\u00a0 mittelalterliche Weiler, Abteien, Verkostungen\u00a0 typischer Weine und Speisen, neue Touren, Legenden, und Geschichten aus unserer Gegend.<\/span><\/p>\t\t\t\t\t\t<\/div>\n\t\t\t\t<\/div>\n\t\t\t\t<div class=\"elementor-element elementor-element-36b84f0 elementor-grid-3 elementor-grid-tablet-2 elementor-grid-mobile-1 elementor-posts--thumbnail-top elementor-card-shadow-yes elementor-posts__hover-gradient elementor-widget elementor-widget-posts\" data-id=\"36b84f0\" data-element_type=\"widget\" data-settings=\"{&quot;cards_columns&quot;:&quot;3&quot;,&quot;cards_columns_tablet&quot;:&quot;2&quot;,&quot;cards_columns_mobile&quot;:&quot;1&quot;,&quot;cards_row_gap&quot;:{&quot;unit&quot;:&quot;px&quot;,&quot;size&quot;:35,&quot;sizes&quot;:[]},&quot;cards_row_gap_tablet&quot;:{&quot;unit&quot;:&quot;px&quot;,&quot;size&quot;:&quot;&quot;,&quot;sizes&quot;:[]},&quot;cards_row_gap_mobile&quot;:{&quot;unit&quot;:&quot;px&quot;,&quot;size&quot;:&quot;&quot;,&quot;sizes&quot;:[]}}\" data-widget_type=\"posts.cards\">\n\t\t\t\t<div class=\"elementor-widget-container\">\n\t\t\t<link rel=\"stylesheet\" href=\"https:\/\/palazzomalaspina.it\/wp-content\/plugins\/elementor-pro\/assets\/css\/widget-posts.min.css\">\t\t<div class=\"elementor-posts-container elementor-posts elementor-posts--skin-cards elementor-grid\">\n\t\t\t\t<article class=\"elementor-post elementor-grid-item post-2551 surrounding type-surrounding status-publish has-post-thumbnail hentry\">\n\t\t\t<div class=\"elementor-post__card\">\n\t\t\t\t<a class=\"elementor-post__thumbnail__link\" href=\"https:\/\/palazzomalaspina.it\/de\/surrounding\/nearby-activities\/\" ><div class=\"elementor-post__thumbnail\"><img decoding=\"async\" width=\"768\" height=\"514\" src=\"https:\/\/palazzomalaspina.it\/wp-content\/uploads\/2023\/04\/passignano-3-768x514.jpg\" class=\"attachment-medium_large size-medium_large wp-image-1998\" alt=\"\" srcset=\"https:\/\/palazzomalaspina.it\/wp-content\/uploads\/2023\/04\/passignano-3-768x514.jpg 768w, https:\/\/palazzomalaspina.it\/wp-content\/uploads\/2023\/04\/passignano-3-300x201.jpg 300w, https:\/\/palazzomalaspina.it\/wp-content\/uploads\/2023\/04\/passignano-3-1024x685.jpg 1024w, https:\/\/palazzomalaspina.it\/wp-content\/uploads\/2023\/04\/passignano-3-1536x1027.jpg 1536w, https:\/\/palazzomalaspina.it\/wp-content\/uploads\/2023\/04\/passignano-3.jpg 1920w\" sizes=\"(max-width: 768px) 100vw, 768px\" \/><\/div><\/a>\n\t\t\t\t<div class=\"elementor-post__text\">\n\t\t\t\t<h3 class=\"elementor-post__title\">\n\t\t\t<a href=\"https:\/\/palazzomalaspina.it\/de\/surrounding\/nearby-activities\/\" >\n\t\t\t\tAktivit\u00e4ten in der N\u00e4he von Palazzo Malaspina\t\t\t<\/a>\n\t\t<\/h3>\n\t\t\t\t<div class=\"elementor-post__excerpt\">\n\t\t\t<p>B&#038;B in der Toskana Palazzo Malaspina ist der perfekte Ausgangspunkt, um die Freuden der toskanischen Landschaft zu erkunden, sei es Kunst und Geschichte, die Erkundung der H\u00fcgelst\u00e4dte, der Besuch der Weinberge oder einfach nur eine Pause und Entspannung, Palazzo Malaspina hat etwas zu bieten.<\/p>\n\t\t<\/div>\n\t\t\n\t\t<a class=\"elementor-post__read-more\" href=\"https:\/\/palazzomalaspina.it\/de\/surrounding\/nearby-activities\/\" aria-label=\"Read more about Aktivit\u00e4ten in der N\u00e4he von Palazzo Malaspina\" >\n\t\t\tLies mehr \u00bb\t\t<\/a>\n\n\t\t\t\t<\/div>\n\t\t\t\t\t<\/div>\n\t\t<\/article>\n\t\t\t\t<article class=\"elementor-post elementor-grid-item post-2460 surrounding type-surrounding status-publish has-post-thumbnail hentry\">\n\t\t\t<div class=\"elementor-post__card\">\n\t\t\t\t<a class=\"elementor-post__thumbnail__link\" href=\"https:\/\/palazzomalaspina.it\/de\/surrounding\/alternative-destinations-in-chianti-classico\/\" ><div class=\"elementor-post__thumbnail\"><img decoding=\"async\" width=\"768\" height=\"506\" src=\"https:\/\/palazzomalaspina.it\/wp-content\/uploads\/2023\/03\/chianti-classico1.jpg\" class=\"attachment-medium_large size-medium_large wp-image-1846\" alt=\"\" srcset=\"https:\/\/palazzomalaspina.it\/wp-content\/uploads\/2023\/03\/chianti-classico1.jpg 768w, https:\/\/palazzomalaspina.it\/wp-content\/uploads\/2023\/03\/chianti-classico1-300x198.jpg 300w\" sizes=\"(max-width: 768px) 100vw, 768px\" \/><\/div><\/a>\n\t\t\t\t<div class=\"elementor-post__text\">\n\t\t\t\t<h3 class=\"elementor-post__title\">\n\t\t\t<a href=\"https:\/\/palazzomalaspina.it\/de\/surrounding\/alternative-destinations-in-chianti-classico\/\" >\n\t\t\t\tZu Tisch auf alternative Art im sieneser und florentiner Chianti \u00a0 4 Geheimtipps\u2026. nur f\u00fcr Sie!\t\t\t<\/a>\n\t\t<\/h3>\n\t\t\t\t<div class=\"elementor-post__excerpt\">\n\t\t\t<p>Das Chianti hat viel zu bieten; entlang der geheimen Stra\u00dfen, in kleinen Gesch\u00e4ften und Lebensmittelgesch\u00e4ften, die zu Orten werden, an denen man wie ein K\u00f6nig essen kann. Sie sind nicht nur f\u00fcr Touristen gedacht, auch viele Einheimische sind Kunden. Hier sind einige M\u00f6glichkeiten entlang der Stra\u00dfen des Chianti Classico.<\/p>\n\t\t<\/div>\n\t\t\n\t\t<a class=\"elementor-post__read-more\" href=\"https:\/\/palazzomalaspina.it\/de\/surrounding\/alternative-destinations-in-chianti-classico\/\" aria-label=\"Read more about Zu Tisch auf alternative Art im sieneser und florentiner Chianti \u00a0 4 Geheimtipps\u2026. nur f\u00fcr Sie!\" >\n\t\t\tLies mehr \u00bb\t\t<\/a>\n\n\t\t\t\t<\/div>\n\t\t\t\t\t<\/div>\n\t\t<\/article>\n\t\t\t\t<article class=\"elementor-post elementor-grid-item post-2523 surrounding type-surrounding status-publish has-post-thumbnail hentry\">\n\t\t\t<div class=\"elementor-post__card\">\n\t\t\t\t<a class=\"elementor-post__thumbnail__link\" href=\"https:\/\/palazzomalaspina.it\/de\/surrounding\/san-donato-in-poggio\/\" ><div class=\"elementor-post__thumbnail\"><img decoding=\"async\" width=\"768\" height=\"461\" src=\"https:\/\/palazzomalaspina.it\/wp-content\/uploads\/2023\/03\/sandonato-28-header-768x461.jpg\" class=\"attachment-medium_large size-medium_large wp-image-2086\" alt=\"\" srcset=\"https:\/\/palazzomalaspina.it\/wp-content\/uploads\/2023\/03\/sandonato-28-header-768x461.jpg 768w, https:\/\/palazzomalaspina.it\/wp-content\/uploads\/2023\/03\/sandonato-28-header-300x180.jpg 300w, https:\/\/palazzomalaspina.it\/wp-content\/uploads\/2023\/03\/sandonato-28-header-1024x615.jpg 1024w, https:\/\/palazzomalaspina.it\/wp-content\/uploads\/2023\/03\/sandonato-28-header-1536x922.jpg 1536w, https:\/\/palazzomalaspina.it\/wp-content\/uploads\/2023\/03\/sandonato-28-header.jpg 1920w\" sizes=\"(max-width: 768px) 100vw, 768px\" \/><\/div><\/a>\n\t\t\t\t<div class=\"elementor-post__text\">\n\t\t\t\t<h3 class=\"elementor-post__title\">\n\t\t\t<a href=\"https:\/\/palazzomalaspina.it\/de\/surrounding\/san-donato-in-poggio\/\" >\n\t\t\t\tSan Donato in Poggio, zwischen Mittelalter und Weltraum\t\t\t<\/a>\n\t\t<\/h3>\n\t\t\t\t<div class=\"elementor-post__excerpt\">\n\t\t\t<p>You could say that San Donato in Poggio lives a perfect synthesis between the past and the future, among walls reminiscent of ancient battles and sieges and telescopes which scan the stars.<\/p>\n\t\t<\/div>\n\t\t\n\t\t<a class=\"elementor-post__read-more\" href=\"https:\/\/palazzomalaspina.it\/de\/surrounding\/san-donato-in-poggio\/\" aria-label=\"Read more about San Donato in Poggio, zwischen Mittelalter und Weltraum\" >\n\t\t\tLies mehr \u00bb\t\t<\/a>\n\n\t\t\t\t<\/div>\n\t\t\t\t\t<\/div>\n\t\t<\/article>\n\t\t\t\t<article class=\"elementor-post elementor-grid-item post-2526 surrounding type-surrounding status-publish has-post-thumbnail hentry\">\n\t\t\t<div class=\"elementor-post__card\">\n\t\t\t\t<a class=\"elementor-post__thumbnail__link\" href=\"https:\/\/palazzomalaspina.it\/de\/surrounding\/chianti-classico-wine-tasting\/\" ><div class=\"elementor-post__thumbnail\"><img decoding=\"async\" width=\"768\" height=\"512\" src=\"https:\/\/palazzomalaspina.it\/wp-content\/uploads\/2023\/03\/036_malaspina_giardino_00263-768x512.jpg\" class=\"attachment-medium_large size-medium_large wp-image-1854\" alt=\"\" srcset=\"https:\/\/palazzomalaspina.it\/wp-content\/uploads\/2023\/03\/036_malaspina_giardino_00263-768x512.jpg 768w, https:\/\/palazzomalaspina.it\/wp-content\/uploads\/2023\/03\/036_malaspina_giardino_00263-300x200.jpg 300w, https:\/\/palazzomalaspina.it\/wp-content\/uploads\/2023\/03\/036_malaspina_giardino_00263-1024x683.jpg 1024w, https:\/\/palazzomalaspina.it\/wp-content\/uploads\/2023\/03\/036_malaspina_giardino_00263-1536x1024.jpg 1536w, https:\/\/palazzomalaspina.it\/wp-content\/uploads\/2023\/03\/036_malaspina_giardino_00263.jpg 1920w\" sizes=\"(max-width: 768px) 100vw, 768px\" \/><\/div><\/a>\n\t\t\t\t<div class=\"elementor-post__text\">\n\t\t\t\t<h3 class=\"elementor-post__title\">\n\t\t\t<a href=\"https:\/\/palazzomalaspina.it\/de\/surrounding\/chianti-classico-wine-tasting\/\" >\n\t\t\t\tWeinproben\u2026 bei kleinen Betrieben junger, lokaler Produzenten\t\t\t<\/a>\n\t\t<\/h3>\n\t\t\t\t<div class=\"elementor-post__excerpt\">\n\t\t\t<p>Weinverkostungen im Gebiet des Chianti Classico sind Teil der Landschaft, vor allem wenn sie vor Ort stattfinden. Sie k\u00f6nnen viele dieser Verkostungen und Direktverk\u00e4ufe in der Gegend finden. Oder Sie k\u00f6nnen die renommierteren Weing\u00fcter besuchen, deren Namen Geschichte geschrieben haben.<\/p>\n\t\t<\/div>\n\t\t\n\t\t<a class=\"elementor-post__read-more\" href=\"https:\/\/palazzomalaspina.it\/de\/surrounding\/chianti-classico-wine-tasting\/\" aria-label=\"Read more about Weinproben\u2026 bei kleinen Betrieben junger, lokaler Produzenten\" >\n\t\t\tLies mehr \u00bb\t\t<\/a>\n\n\t\t\t\t<\/div>\n\t\t\t\t\t<\/div>\n\t\t<\/article>\n\t\t\t\t<article class=\"elementor-post elementor-grid-item post-2451 surrounding type-surrounding status-publish has-post-thumbnail hentry\">\n\t\t\t<div class=\"elementor-post__card\">\n\t\t\t\t<a class=\"elementor-post__thumbnail__link\" href=\"https:\/\/palazzomalaspina.it\/de\/surrounding\/the-legend-of-gallo-nero\/\" ><div class=\"elementor-post__thumbnail\"><img decoding=\"async\" width=\"768\" height=\"405\" src=\"https:\/\/palazzomalaspina.it\/wp-content\/uploads\/2023\/03\/sandonato-36-header-768x405.jpg\" class=\"attachment-medium_large size-medium_large wp-image-2084\" alt=\"\" srcset=\"https:\/\/palazzomalaspina.it\/wp-content\/uploads\/2023\/03\/sandonato-36-header-768x405.jpg 768w, https:\/\/palazzomalaspina.it\/wp-content\/uploads\/2023\/03\/sandonato-36-header-300x158.jpg 300w, https:\/\/palazzomalaspina.it\/wp-content\/uploads\/2023\/03\/sandonato-36-header-1024x540.jpg 1024w, https:\/\/palazzomalaspina.it\/wp-content\/uploads\/2023\/03\/sandonato-36-header-1536x810.jpg 1536w, https:\/\/palazzomalaspina.it\/wp-content\/uploads\/2023\/03\/sandonato-36-header.jpg 1920w\" sizes=\"(max-width: 768px) 100vw, 768px\" \/><\/div><\/a>\n\t\t\t\t<div class=\"elementor-post__text\">\n\t\t\t\t<h3 class=\"elementor-post__title\">\n\t\t\t<a href=\"https:\/\/palazzomalaspina.it\/de\/surrounding\/the-legend-of-gallo-nero\/\" >\n\t\t\t\tDie\u00a0 Legende vom schwarzen Hahn und der Chianti Classico: Wein, Geschichte, Erz\u00e4hlungen\t\t\t<\/a>\n\t\t<\/h3>\n\t\t\t\t<div class=\"elementor-post__excerpt\">\n\t\t\t<p>Kennen Sie die Legende des &#8222;Gallo Nero&#8220; (Schwarzer Hahn), die Sie auf den kostbaren Flaschen des Chianti Classico sehen? Sie ist seit Jahrzehnten dieselbe und wurde vor einigen Jahren in einer modernen Version grafisch neu gestaltet.<\/p>\n\t\t<\/div>\n\t\t\n\t\t<a class=\"elementor-post__read-more\" href=\"https:\/\/palazzomalaspina.it\/de\/surrounding\/the-legend-of-gallo-nero\/\" aria-label=\"Read more about Die\u00a0 Legende vom schwarzen Hahn und der Chianti Classico: Wein, Geschichte, Erz\u00e4hlungen\" >\n\t\t\tLies mehr \u00bb\t\t<\/a>\n\n\t\t\t\t<\/div>\n\t\t\t\t\t<\/div>\n\t\t<\/article>\n\t\t\t\t<article class=\"elementor-post elementor-grid-item post-2454 surrounding type-surrounding status-publish has-post-thumbnail hentry\">\n\t\t\t<div class=\"elementor-post__card\">\n\t\t\t\t<a class=\"elementor-post__thumbnail__link\" href=\"https:\/\/palazzomalaspina.it\/de\/surrounding\/lavender-in-castellina-tignanello-vineyards\/\" ><div class=\"elementor-post__thumbnail\"><img decoding=\"async\" width=\"768\" height=\"506\" src=\"https:\/\/palazzomalaspina.it\/wp-content\/uploads\/2023\/03\/castellina.jpg\" class=\"attachment-medium_large size-medium_large wp-image-1850\" alt=\"\" srcset=\"https:\/\/palazzomalaspina.it\/wp-content\/uploads\/2023\/03\/castellina.jpg 768w, https:\/\/palazzomalaspina.it\/wp-content\/uploads\/2023\/03\/castellina-300x198.jpg 300w\" sizes=\"(max-width: 768px) 100vw, 768px\" \/><\/div><\/a>\n\t\t\t\t<div class=\"elementor-post__text\">\n\t\t\t\t<h3 class=\"elementor-post__title\">\n\t\t\t<a href=\"https:\/\/palazzomalaspina.it\/de\/surrounding\/lavender-in-castellina-tignanello-vineyards\/\" >\n\t\t\t\tVom Lavendel in Castellina zur tausendj\u00e4hrigen Taufkirche und dann zur Bank mit Aussicht auf die Weinberge Tignanellos\t\t\t<\/a>\n\t\t<\/h3>\n\t\t\t\t<div class=\"elementor-post__excerpt\">\n\t\t\t<p>Im Gebiet des Chianti Classico gibt es viele ungew\u00f6hnliche Orte zu besichtigen, die au\u00dferhalb der \u00fcblichen Besucherrouten liegen.<\/p>\n\t\t<\/div>\n\t\t\n\t\t<a class=\"elementor-post__read-more\" href=\"https:\/\/palazzomalaspina.it\/de\/surrounding\/lavender-in-castellina-tignanello-vineyards\/\" aria-label=\"Read more about Vom Lavendel in Castellina zur tausendj\u00e4hrigen Taufkirche und dann zur Bank mit Aussicht auf die Weinberge Tignanellos\" >\n\t\t\tLies mehr \u00bb\t\t<\/a>\n\n\t\t\t\t<\/div>\n\t\t\t\t\t<\/div>\n\t\t<\/article>\n\t\t\t\t<\/div>\n\t\t\n\t\t\t\t<\/div>\n\t\t\t\t<\/div>\n\t\t\t\t\t<\/div>\n\t\t\t\t<\/div>\n\t\t\t\t\t\t\t<\/div>\n\t\t","protected":false},"excerpt":{"rendered":"<p>Was man im Chianti machen kann Was Sie w\u00e4hrend Ihres Aufenthalts im Herzen des Chianti in der Residenza d&#8217;Epoca Palazzo Malaspina Bed and Breakfast \u00a0nahe bei San Gimignano unternehmen,erleben und besichtigen k\u00f6nnen:\u00a0 mittelalterliche Weiler, Abteien, Verkostungen\u00a0 typischer Weine und Speisen, neue Touren, Legenden, und Geschichten aus unserer Gegend.<\/p>\n","protected":false},"author":1,"featured_media":1844,"parent":0,"menu_order":2,"comment_status":"closed","ping_status":"closed","template":"","meta":{"footnotes":""},"categories":[],"tags":[],"class_list":["post-2310","page","type-page","status-publish","has-post-thumbnail","hentry"],"acf":[],"yoast_head":"<!-- This site is optimized with the Yoast SEO Premium plugin v20.2.1 (Yoast SEO v20.2.1) - https:\/\/yoast.com\/wordpress\/plugins\/seo\/ -->\n<title>Rund um das Chianti - Palazzo Malaspina B&amp;B<\/title>\n<meta name=\"description\" content=\"Was Sie w\u00e4hrend Ihres Aufenthalts im Herzen des Chianti in der Residenza d&#039;Epoca Palazzo Malaspina Bed and Breakfast erleben und besichtigen k\u00f6nnen.\" \/>\n<meta name=\"robots\" content=\"index, follow, max-snippet:-1, max-image-preview:large, max-video-preview:-1\" \/>\n<link rel=\"canonical\" href=\"https:\/\/palazzomalaspina.it\/de\/was-man-im-chianti-machen-kann\/\" \/>\n<meta property=\"og:locale\" content=\"de_DE\" \/>\n<meta property=\"og:type\" content=\"article\" \/>\n<meta property=\"og:title\" content=\"Rund um das Chianti\" \/>\n<meta property=\"og:description\" content=\"Was Sie w\u00e4hrend Ihres Aufenthalts im Herzen des Chianti in der Residenza d&#039;Epoca Palazzo Malaspina Bed and Breakfast erleben und besichtigen k\u00f6nnen.\" \/>\n<meta property=\"og:url\" content=\"https:\/\/palazzomalaspina.it\/de\/was-man-im-chianti-machen-kann\/\" \/>\n<meta property=\"og:site_name\" content=\"Palazzo Malaspina\" \/>\n<meta property=\"article:modified_time\" content=\"2023-05-12T12:47:51+00:00\" \/>\n<meta property=\"og:image\" content=\"https:\/\/palazzomalaspina.it\/wp-content\/uploads\/2023\/03\/gallo.jpg\" \/>\n\t<meta property=\"og:image:width\" content=\"2000\" \/>\n\t<meta property=\"og:image:height\" content=\"699\" \/>\n\t<meta property=\"og:image:type\" content=\"image\/jpeg\" \/>\n<meta name=\"twitter:card\" content=\"summary_large_image\" \/>\n<meta name=\"twitter:label1\" content=\"Gesch\u00e4tzte Lesezeit\" \/>\n\t<meta name=\"twitter:data1\" content=\"2\u00a0Minuten\" \/>\n<script type=\"application\/ld+json\" class=\"yoast-schema-graph\">{\"@context\":\"https:\/\/schema.org\",\"@graph\":[{\"@type\":\"WebPage\",\"@id\":\"https:\/\/palazzomalaspina.it\/de\/was-man-im-chianti-machen-kann\/\",\"url\":\"https:\/\/palazzomalaspina.it\/de\/was-man-im-chianti-machen-kann\/\",\"name\":\"Rund um das Chianti - Palazzo Malaspina B&B\",\"isPartOf\":{\"@id\":\"https:\/\/palazzomalaspina.it\/de\/#website\"},\"datePublished\":\"2023-03-20T16:37:41+00:00\",\"dateModified\":\"2023-05-12T12:47:51+00:00\",\"description\":\"Was Sie w\u00e4hrend Ihres Aufenthalts im Herzen des Chianti in der Residenza d'Epoca Palazzo Malaspina Bed and Breakfast erleben und besichtigen k\u00f6nnen.\",\"breadcrumb\":{\"@id\":\"https:\/\/palazzomalaspina.it\/de\/was-man-im-chianti-machen-kann\/#breadcrumb\"},\"inLanguage\":\"de\",\"potentialAction\":[{\"@type\":\"ReadAction\",\"target\":[\"https:\/\/palazzomalaspina.it\/de\/was-man-im-chianti-machen-kann\/\"]}]},{\"@type\":\"BreadcrumbList\",\"@id\":\"https:\/\/palazzomalaspina.it\/de\/was-man-im-chianti-machen-kann\/#breadcrumb\",\"itemListElement\":[{\"@type\":\"ListItem\",\"position\":1,\"name\":\"Home\",\"item\":\"https:\/\/palazzomalaspina.it\/de\/\"},{\"@type\":\"ListItem\",\"position\":2,\"name\":\"Rund um das Chianti\"}]},{\"@type\":\"WebSite\",\"@id\":\"https:\/\/palazzomalaspina.it\/de\/#website\",\"url\":\"https:\/\/palazzomalaspina.it\/de\/\",\"name\":\"Palazzo Malaspina\",\"description\":\"\",\"publisher\":{\"@id\":\"https:\/\/palazzomalaspina.it\/de\/#organization\"},\"potentialAction\":[{\"@type\":\"SearchAction\",\"target\":{\"@type\":\"EntryPoint\",\"urlTemplate\":\"https:\/\/palazzomalaspina.it\/de\/?s={search_term_string}\"},\"query-input\":\"required name=search_term_string\"}],\"inLanguage\":\"de\"},{\"@type\":\"Organization\",\"@id\":\"https:\/\/palazzomalaspina.it\/de\/#organization\",\"name\":\"Palazzo Malaspina\",\"url\":\"https:\/\/palazzomalaspina.it\/de\/\",\"logo\":{\"@type\":\"ImageObject\",\"inLanguage\":\"de\",\"@id\":\"https:\/\/palazzomalaspina.it\/de\/#\/schema\/logo\/image\/\",\"url\":\"https:\/\/palazzomalaspina.it\/wp-content\/uploads\/2023\/03\/logo-min.svg\",\"contentUrl\":\"https:\/\/palazzomalaspina.it\/wp-content\/uploads\/2023\/03\/logo-min.svg\",\"width\":385.91,\"height\":593.83,\"caption\":\"Palazzo Malaspina\"},\"image\":{\"@id\":\"https:\/\/palazzomalaspina.it\/de\/#\/schema\/logo\/image\/\"}}]}<\/script>\n<!-- \/ Yoast SEO Premium plugin. -->","yoast_head_json":{"title":"Rund um das Chianti - Palazzo Malaspina B&B","description":"Was Sie w\u00e4hrend Ihres Aufenthalts im Herzen des Chianti in der Residenza d'Epoca Palazzo Malaspina Bed and Breakfast erleben und besichtigen k\u00f6nnen.","robots":{"index":"index","follow":"follow","max-snippet":"max-snippet:-1","max-image-preview":"max-image-preview:large","max-video-preview":"max-video-preview:-1"},"canonical":"https:\/\/palazzomalaspina.it\/de\/was-man-im-chianti-machen-kann\/","og_locale":"de_DE","og_type":"article","og_title":"Rund um das Chianti","og_description":"Was Sie w\u00e4hrend Ihres Aufenthalts im Herzen des Chianti in der Residenza d'Epoca Palazzo Malaspina Bed and Breakfast erleben und besichtigen k\u00f6nnen.","og_url":"https:\/\/palazzomalaspina.it\/de\/was-man-im-chianti-machen-kann\/","og_site_name":"Palazzo Malaspina","article_modified_time":"2023-05-12T12:47:51+00:00","og_image":[{"width":2000,"height":699,"url":"https:\/\/palazzomalaspina.it\/wp-content\/uploads\/2023\/03\/gallo.jpg","type":"image\/jpeg"}],"twitter_card":"summary_large_image","twitter_misc":{"Gesch\u00e4tzte Lesezeit":"2\u00a0Minuten"},"schema":{"@context":"https:\/\/schema.org","@graph":[{"@type":"WebPage","@id":"https:\/\/palazzomalaspina.it\/de\/was-man-im-chianti-machen-kann\/","url":"https:\/\/palazzomalaspina.it\/de\/was-man-im-chianti-machen-kann\/","name":"Rund um das Chianti - Palazzo Malaspina B&B","isPartOf":{"@id":"https:\/\/palazzomalaspina.it\/de\/#website"},"datePublished":"2023-03-20T16:37:41+00:00","dateModified":"2023-05-12T12:47:51+00:00","description":"Was Sie w\u00e4hrend Ihres Aufenthalts im Herzen des Chianti in der Residenza d'Epoca Palazzo Malaspina Bed and Breakfast erleben und besichtigen k\u00f6nnen.","breadcrumb":{"@id":"https:\/\/palazzomalaspina.it\/de\/was-man-im-chianti-machen-kann\/#breadcrumb"},"inLanguage":"de","potentialAction":[{"@type":"ReadAction","target":["https:\/\/palazzomalaspina.it\/de\/was-man-im-chianti-machen-kann\/"]}]},{"@type":"BreadcrumbList","@id":"https:\/\/palazzomalaspina.it\/de\/was-man-im-chianti-machen-kann\/#breadcrumb","itemListElement":[{"@type":"ListItem","position":1,"name":"Home","item":"https:\/\/palazzomalaspina.it\/de\/"},{"@type":"ListItem","position":2,"name":"Rund um das Chianti"}]},{"@type":"WebSite","@id":"https:\/\/palazzomalaspina.it\/de\/#website","url":"https:\/\/palazzomalaspina.it\/de\/","name":"Palazzo Malaspina","description":"","publisher":{"@id":"https:\/\/palazzomalaspina.it\/de\/#organization"},"potentialAction":[{"@type":"SearchAction","target":{"@type":"EntryPoint","urlTemplate":"https:\/\/palazzomalaspina.it\/de\/?s={search_term_string}"},"query-input":"required name=search_term_string"}],"inLanguage":"de"},{"@type":"Organization","@id":"https:\/\/palazzomalaspina.it\/de\/#organization","name":"Palazzo Malaspina","url":"https:\/\/palazzomalaspina.it\/de\/","logo":{"@type":"ImageObject","inLanguage":"de","@id":"https:\/\/palazzomalaspina.it\/de\/#\/schema\/logo\/image\/","url":"https:\/\/palazzomalaspina.it\/wp-content\/uploads\/2023\/03\/logo-min.svg","contentUrl":"https:\/\/palazzomalaspina.it\/wp-content\/uploads\/2023\/03\/logo-min.svg","width":385.91,"height":593.83,"caption":"Palazzo Malaspina"},"image":{"@id":"https:\/\/palazzomalaspina.it\/de\/#\/schema\/logo\/image\/"}}]}},"_links":{"self":[{"href":"https:\/\/palazzomalaspina.it\/de\/wp-json\/wp\/v2\/pages\/2310","targetHints":{"allow":["GET"]}}],"collection":[{"href":"https:\/\/palazzomalaspina.it\/de\/wp-json\/wp\/v2\/pages"}],"about":[{"href":"https:\/\/palazzomalaspina.it\/de\/wp-json\/wp\/v2\/types\/page"}],"author":[{"embeddable":true,"href":"https:\/\/palazzomalaspina.it\/de\/wp-json\/wp\/v2\/users\/1"}],"replies":[{"embeddable":true,"href":"https:\/\/palazzomalaspina.it\/de\/wp-json\/wp\/v2\/comments?post=2310"}],"version-history":[{"count":0,"href":"https:\/\/palazzomalaspina.it\/de\/wp-json\/wp\/v2\/pages\/2310\/revisions"}],"wp:featuredmedia":[{"embeddable":true,"href":"https:\/\/palazzomalaspina.it\/de\/wp-json\/wp\/v2\/media\/1844"}],"wp:attachment":[{"href":"https:\/\/palazzomalaspina.it\/de\/wp-json\/wp\/v2\/media?parent=2310"}],"wp:term":[{"taxonomy":"category","embeddable":true,"href":"https:\/\/palazzomalaspina.it\/de\/wp-json\/wp\/v2\/categories?post=2310"},{"taxonomy":"post_tag","embeddable":true,"href":"https:\/\/palazzomalaspina.it\/de\/wp-json\/wp\/v2\/tags?post=2310"}],"curies":[{"name":"wp","href":"https:\/\/api.w.org\/{rel}","templated":true}]}}